{"id":4334,"date":"2021-12-09T17:37:03","date_gmt":"2021-12-09T16:37:03","guid":{"rendered":"https:\/\/www.birgit-breidenbach.com\/start\/?page_id=4334"},"modified":"2025-02-11T15:37:35","modified_gmt":"2025-02-11T14:37:35","slug":"neues","status":"publish","type":"page","link":"https:\/\/www.birgit-breidenbach.com\/start\/neues\/","title":{"rendered":"NEUES"},"content":{"rendered":"<p>[vc_row rt_row_background_width=&#8220;fullwidth&#8220; rt_row_content_width=&#8220;fullwidth&#8220; rt_row_style=&#8220;default-style&#8220; rt_row_height=&#8220;&#8220; rt_row_borders=&#8220;&#8220; rt_row_shadows=&#8220;&#8220; rt_column_gaps=&#8220;&#8220; rt_row_paddings=&#8220;true&#8220; rt_bg_effect=&#8220;classic&#8220; rt_transparent_bg=&#8220;&#8220; rt_bg_image_repeat=&#8220;repeat&#8220; rt_bg_size=&#8220;cover&#8220; rt_bg_position=&#8220;right top&#8220; rt_bg_attachment=&#8220;scroll&#8220; rt_bg_video_format=&#8220;self-hosted&#8220;][vc_column rt_col_paddings=&#8220;false&#8220; rt_wrp_col_paddings=&#8220;false&#8220; rt_column_shadow=&#8220;&#8220; rt_border_top=&#8220;&#8220; rt_border_bottom=&#8220;&#8220; rt_border_left=&#8220;&#8220; rt_border_right=&#8220;&#8220; rt_border_top_mobile=&#8220;&#8220; rt_border_bottom_mobile=&#8220;&#8220; rt_border_left_mobile=&#8220;&#8220; rt_border_right_mobile=&#8220;&#8220; rt_bg_image_repeat=&#8220;repeat&#8220; rt_bg_size=&#8220;auto auto&#8220; rt_bg_position=&#8220;right top&#8220; rt_bg_attachment=&#8220;scroll&#8220; rt_bg_color=&#8220;&#8220; rt_bg_overlay_color=&#8220;&#8220;]<div id=\"content-slider-898580\" class=\"rt-carousel main-carousel carousel-holder clearfix\" data-item-width=\"1\" data-mobile-height=\"350\" data-nav=\"true\" data-dots=\"true\" data-parallax=\"true\" data-timeout=\"15000\" data-autoplay=\"true\">\n<div class=\"owl-carousel\">\n\n\t\t<div class=\"item has-bg-image  global-style\" style=\"min-height: 800px;\">\n\t\t\t\n\t\t\t<div class=\"slide-background\" style=\"background-image: url(https:\/\/www.birgit-breidenbach.com\/start\/wp-content\/uploads\/2021\/08\/bbreidenbach_rot_neu.jpg);background-repeat: no-repeat;background-size: cover;background-position: center center;\"><\/div>\n\t\t<\/div><\/div>\n\n\t\t\t\t<div id=\"content-slider-898580-dots\" class=\"dots-holder\">\n\t\t\t\t<\/div>\n\t\t\t\n<\/div>\n[vc_empty_space height=&#8220;50px&#8220;][\/vc_column][\/vc_row][vc_row rt_row_background_width=&#8220;fullwidth&#8220; rt_row_content_width=&#8220;fullwidth&#8220; rt_row_style=&#8220;default-style&#8220; rt_row_height=&#8220;&#8220; rt_column_placement=&#8220;middle&#8220; rt_row_borders=&#8220;&#8220; rt_row_shadows=&#8220;&#8220; rt_column_gaps=&#8220;&#8220; rt_row_paddings=&#8220;true&#8220; rt_bg_effect=&#8220;classic&#8220; rt_transparent_bg=&#8220;&#8220; rt_bg_image_repeat=&#8220;repeat&#8220; rt_bg_size=&#8220;cover&#8220; rt_bg_position=&#8220;right top&#8220; rt_bg_attachment=&#8220;scroll&#8220; rt_bg_video_format=&#8220;self-hosted&#8220; rt_padding_bottom=&#8220;0&#8243; rt_padding_top=&#8220;0&#8243;][vc_column width=&#8220;1\/6&#8243; rt_col_paddings=&#8220;true&#8220; rt_wrp_col_paddings=&#8220;false&#8220; rt_column_shadow=&#8220;&#8220; rt_border_top=&#8220;&#8220; rt_border_bottom=&#8220;&#8220; rt_border_left=&#8220;&#8220; rt_border_right=&#8220;&#8220; rt_border_top_mobile=&#8220;&#8220; rt_border_bottom_mobile=&#8220;&#8220; rt_border_left_mobile=&#8220;&#8220; rt_border_right_mobile=&#8220;&#8220; rt_bg_image_repeat=&#8220;repeat&#8220; rt_bg_size=&#8220;auto auto&#8220; rt_bg_position=&#8220;right top&#8220; rt_bg_attachment=&#8220;scroll&#8220; force_content_width=&#8220;yes&#8220; column_align=&#8220;right&#8220; rt_bg_color=&#8220;&#8220; rt_bg_overlay_color=&#8220;&#8220; rt_padding_left=&#8220;15%&#8220; rt_padding_right=&#8220;15%&#8220; rt_padding_top=&#8220;50px&#8220; rt_padding_bottom=&#8220;50px&#8220;][\/vc_column][vc_column width=&#8220;2\/3&#8243; rt_col_paddings=&#8220;true&#8220; rt_wrp_col_paddings=&#8220;false&#8220; rt_column_shadow=&#8220;&#8220; rt_border_top=&#8220;&#8220; rt_border_bottom=&#8220;&#8220; rt_border_left=&#8220;&#8220; rt_border_right=&#8220;&#8220; rt_border_top_mobile=&#8220;&#8220; rt_border_bottom_mobile=&#8220;&#8220; rt_border_left_mobile=&#8220;&#8220; rt_border_right_mobile=&#8220;&#8220; rt_bg_image_repeat=&#8220;repeat&#8220; rt_bg_size=&#8220;auto auto&#8220; rt_bg_position=&#8220;right top&#8220; rt_bg_attachment=&#8220;scroll&#8220;]<div class=\"rt_heading_wrapper style-3\">\n\t\t\t\t\t\t<h1 class=\"rt_heading  style-3\" >Neuigkeiten und R\u00fcckblicke<\/h1> \n\t\t\t\t\t<\/div>[vc_empty_space height=&#8220;40px&#8220;][vc_text_separator title=&#8220;26. Januar 2025&#8243; title_align=&#8220;separator_align_left&#8220;][vc_column_text]<strong><img loading=\"lazy\" class=\"alignleft size-medium wp-image-4533\" src=\"https:\/\/www.birgit-breidenbach.com\/start\/wp-content\/uploads\/2025\/01\/dasglueck1-240x300.jpg\" alt=\"\" width=\"240\" height=\"300\" srcset=\"https:\/\/www.birgit-breidenbach.com\/start\/wp-content\/uploads\/2025\/01\/dasglueck1-240x300.jpg 240w, https:\/\/www.birgit-breidenbach.com\/start\/wp-content\/uploads\/2025\/01\/dasglueck1.jpg 654w\" sizes=\"(max-width: 240px) 100vw, 240px\" \/>Das Gl\u00fcck rennt hinterher<br \/>\nSonntag, den 26.01.2025 in Schloss Burgau, D\u00fcren<\/strong><\/p>\n<p>Was hat Zarah Leander mit George Gershwin gemein, und was haben Richard Strauss und Bert Brecht miteinander zu tun?<br \/>\nBirgit Breidenbach, mit Thomas Greifenberg am Klavier, zeigt in ihrer unverwechselbaren Art auf, wie unterschiedlich Lieder aus den Jahren von 1930 &#8211; 1950 diesseits und jenseits des Atlantiks geklungen haben.<span class=\"Apple-converted-space\"><br \/>\n<\/span>In einem Spannungsverh\u00e4ltnis, wie es gegens\u00e4tzlicher nicht sein kann, spiegelt die Musik die jeweiligen Theater sowie die politischen Verh\u00e4ltnisse.<\/p>\n<p>Birgit Breidenbach &#8211; KontraAlt<br \/>\nThomas Greifenberg &#8211; Klavier[\/vc_column_text][vc_empty_space height=&#8220;40px&#8220;][vc_text_separator title=&#8220;April 2024&#8243; title_align=&#8220;separator_align_left&#8220;][vc_column_text]<strong><img loading=\"lazy\" class=\"alignleft wp-image-4550 size-medium\" src=\"https:\/\/www.birgit-breidenbach.com\/start\/wp-content\/uploads\/2025\/02\/entfesselt_bbreidenbach-215x300.jpg\" alt=\"\" width=\"215\" height=\"300\" srcset=\"https:\/\/www.birgit-breidenbach.com\/start\/wp-content\/uploads\/2025\/02\/entfesselt_bbreidenbach-215x300.jpg 215w, https:\/\/www.birgit-breidenbach.com\/start\/wp-content\/uploads\/2025\/02\/entfesselt_bbreidenbach-734x1024.jpg 734w, https:\/\/www.birgit-breidenbach.com\/start\/wp-content\/uploads\/2025\/02\/entfesselt_bbreidenbach-768x1072.jpg 768w, https:\/\/www.birgit-breidenbach.com\/start\/wp-content\/uploads\/2025\/02\/entfesselt_bbreidenbach.jpg 1000w\" sizes=\"(max-width: 215px) 100vw, 215px\" \/>Entfesselt!<br \/>\nSingspielerei um Launen, L\u00fcste, Liebhabereien<\/strong><\/p>\n<p>Was f\u00fcr eine Idee! Eine Idee von Birgit Breidenbach, Bergisch Gladbacherin, S\u00e4ngerin, Dozentin und Initiatorin solch au\u00dfergew\u00f6hnlicher Konzerte. Sie wird dabei vom Prinzip der Id\u00e9e fixe inspiriert, bei der sich ein Grundgedanke leitmotivisch durch ein musikalisches Werk zieht.<span class=\"Apple-converted-space\">\u00a0<\/span><\/p>\n<p>Zwanzig S\u00e4nger:Innen, Profis, Semiprofessionelle und Amateure und drei Pianist:Innen verabreden sich zu einem Streifzug durch s\u00e4mtliche musikalische Genres.<span class=\"Apple-converted-space\"><br \/>\n<\/span>In einem furiosen Crossover-Gesangsabend durch Oper, Kunstlied, Chanson bis zu Schlager und Pop singt sich dieses Ensemble durch Leidenschaft, Z\u00fcgellosigkeit und Exzessives &#8211; denn zum Gl\u00fcck lassen sich solche \u201eAll\u00fcren\u201c in allen Genres finden. K\u00fchnste Geheimnisse werden ausgeplaudert im Rausch der Gef\u00fchle, Spleens, Schrullen und Marotten.<\/p>\n<p>[\/vc_column_text][vc_empty_space height=&#8220;40px&#8220;][vc_text_separator title=&#8220;30. M\u00e4rz 2022&#8243; title_align=&#8220;separator_align_left&#8220;][vc_column_text]<strong><img loading=\"lazy\" class=\"alignleft size-medium wp-image-4466\" src=\"https:\/\/www.birgit-breidenbach.com\/start\/wp-content\/uploads\/2022\/03\/plakat_700-212x300.jpg\" alt=\"\" width=\"212\" height=\"300\" srcset=\"https:\/\/www.birgit-breidenbach.com\/start\/wp-content\/uploads\/2022\/03\/plakat_700-212x300.jpg 212w, https:\/\/www.birgit-breidenbach.com\/start\/wp-content\/uploads\/2022\/03\/plakat_700.jpg 700w\" sizes=\"(max-width: 212px) 100vw, 212px\" \/>Ein kleines bisschen Liebe. Liebe! \u00a0&#8211;\u00a0Gro\u00dfes Konzert im Bocker Saal<br \/>\nDie Gesangsklasse von Birgit Breidenbach meldet sich zur\u00fcck.<\/strong><\/p>\n<p>&nbsp;<\/p>\n<p>Nach zweij\u00e4hriger coronabedingter Abstinenz freuen sich zwanzig S\u00e4ngerinnen und S\u00e4nger auf ihr Publikum. Im Bocker Saal am Marktplatz im Herzen von Bergisch Gladbach findet am Sonntag, den 24. April 2022 um 18 Uhr ein Konzert statt, das sich rund um die Liebe dreht. Ein unterhaltsames Programm mit Szenen aus Oper und Operette.<\/p>\n<p>\u201eDer Bocker Saal mit B\u00fchne ist der ideale Veranstaltungsort. Die Akustik ist gro\u00dfartig!\u201c, schw\u00e4rmt Birgit Breidenbach. Die Bergisch Gladbacher S\u00e4ngerin kennt den Saal seit ihrer Kindheit. 2007 fand hier bereits eines ihrer Klassenkonzerte statt. Neben ihrem Beruf als S\u00e4ngerin ist Birgit Breidenbach mit Herz und Seele Gesangslehrerin und Dozentin f\u00fcr das Hauptfach Gesang an verschiedenen Musikhochschulen. In Bergisch Gladbach konnte sie seit \u00fcber drei\u00dfig Jahren ein erfolgreiches privates Gesangsstudio aufbauen. Hier betreut sie sowohl professionelle S\u00e4ngerinnen und S\u00e4nger als auch Semiprofessionelle und ambitionierte Amateure und initiiert f\u00fcr sie interne \u201eNestkonzerte\u201c sowie szenische und konzertante genre\u00fcbergreifende Projekte vor gro\u00dfem Publikum.<br \/>\n\u201eSeit Monaten proben wir f\u00fcr unser Konzert im April. Wir genie\u00dfen das Ensemble-Singen. Duette, Terzette, Ch\u00f6re \u2013 alles ist endlich wieder erlaubt. Die Aussicht, eine gro\u00dfen B\u00fchne zu besingen und zu bespielen, begeistert uns alle. Der Einsatz aller Beteiligten ist schon \u00fcberw\u00e4ltigend. Jetzt fehlt nur noch das Publikum! Das wird sicher eine ausgelassene Vorstellung.\u201c<img loading=\"lazy\" class=\"alignright size-medium wp-image-4461\" src=\"https:\/\/www.birgit-breidenbach.com\/start\/wp-content\/uploads\/2022\/03\/gruppenfoto1-300x225.jpg\" alt=\"\" width=\"300\" height=\"225\" srcset=\"https:\/\/www.birgit-breidenbach.com\/start\/wp-content\/uploads\/2022\/03\/gruppenfoto1-300x225.jpg 300w, https:\/\/www.birgit-breidenbach.com\/start\/wp-content\/uploads\/2022\/03\/gruppenfoto1-768x576.jpg 768w, https:\/\/www.birgit-breidenbach.com\/start\/wp-content\/uploads\/2022\/03\/gruppenfoto1.jpg 1000w\" sizes=\"(max-width: 300px) 100vw, 300px\" \/><\/p>\n<p><strong>Sonntag, 24. April 2022<\/strong> um <strong>18 Uhr<\/strong> im Gro\u00dfen Saal im Wirtshaus am Bock, Konrad-Adenauer-Platz 2, 51465 Bergisch Gladbach[\/vc_column_text][vc_empty_space height=&#8220;40px&#8220;][vc_text_separator title=&#8220;09. Dezember 2021&#8243; title_align=&#8220;separator_align_left&#8220;][vc_column_text]<strong>&#8222;Vom Dunkel ins Licht&#8220; &#8211; neue CD<\/strong><\/p>\n<p><img loading=\"lazy\" class=\"alignleft wp-image-4325\" src=\"https:\/\/www.birgit-breidenbach.com\/start\/wp-content\/uploads\/2021\/12\/cd_cover_start.jpg\" alt=\"\" width=\"380\" height=\"339\" srcset=\"https:\/\/www.birgit-breidenbach.com\/start\/wp-content\/uploads\/2021\/12\/cd_cover_start.jpg 450w, https:\/\/www.birgit-breidenbach.com\/start\/wp-content\/uploads\/2021\/12\/cd_cover_start-300x268.jpg 300w\" sizes=\"(max-width: 380px) 100vw, 380px\" \/>Die Weihnachtsgeschichte erz\u00e4hlt von Maria und Joseph, die ihr erstes Kind erwarten, von ihrem \u00a0beschwerlichen Weg \u00a0nach Bethlehem, ihrer vergeblichen Suche nach einer Unterkunft. Sie erz\u00e4hlt von der Freude der Eltern \u00fcber ihr Neugeborenes, der Ankunft der Hirten am Stall und der Reise der K\u00f6nige zum ersehnten Retter.<\/p>\n<p>Diese Geschichte erz\u00e4hlen auch die 24 Lieder und Instrumentalst\u00fccke dieser CD, mit Musik aus dem 17. bis 21. Jahrhundert aus unterschiedlichen L\u00e4ndern.<\/p>\n<p>Hierbei haben die drei Musiker f\u00fcr die ungew\u00f6hnliche Zusammensetzung eines Trios \u2013 KontraAlt, Bratsche und Klavier \u2013 viele St\u00fccke bearbeitet und neu arrangiert.<\/p>\n<p>Sie alle haben die Erfahrungen von Menschen mit Dunkelheit und Licht, Sehnsucht und Erf\u00fcllung gemein.<\/p>\n<p><span style=\"font-size: 14pt;\"><strong><a href=\"https:\/\/www.birgit-breidenbach.com\/start\/vom-dunkel-ins-licht\/\">weitere Informationen<\/a><\/strong><\/span>[\/vc_column_text][vc_empty_space height=&#8220;48px&#8220;][\/vc_column][vc_column width=&#8220;1\/6&#8243; rt_col_paddings=&#8220;true&#8220; rt_wrp_col_paddings=&#8220;false&#8220; rt_column_shadow=&#8220;&#8220; rt_border_top=&#8220;&#8220; rt_border_bottom=&#8220;&#8220; rt_border_left=&#8220;&#8220; rt_border_right=&#8220;&#8220; rt_border_top_mobile=&#8220;&#8220; rt_border_bottom_mobile=&#8220;&#8220; rt_border_left_mobile=&#8220;&#8220; rt_border_right_mobile=&#8220;&#8220; rt_bg_image_repeat=&#8220;repeat&#8220; rt_bg_size=&#8220;auto auto&#8220; rt_bg_position=&#8220;right top&#8220; rt_bg_attachment=&#8220;scroll&#8220;][\/vc_column][\/vc_row][vc_row rt_row_background_width=&#8220;fullwidth&#8220; rt_row_content_width=&#8220;default&#8220; rt_row_style=&#8220;default-style&#8220; rt_row_height=&#8220;&#8220; rt_row_borders=&#8220;&#8220; rt_row_shadows=&#8220;&#8220; rt_column_gaps=&#8220;&#8220; rt_row_paddings=&#8220;true&#8220; rt_bg_effect=&#8220;classic&#8220; rt_transparent_bg=&#8220;&#8220; rt_bg_image_repeat=&#8220;repeat&#8220; rt_bg_size=&#8220;cover&#8220; rt_bg_position=&#8220;right top&#8220; rt_bg_attachment=&#8220;scroll&#8220; rt_bg_video_format=&#8220;self-hosted&#8220;][vc_column rt_col_paddings=&#8220;true&#8220; rt_wrp_col_paddings=&#8220;false&#8220; rt_column_shadow=&#8220;&#8220; rt_border_top=&#8220;&#8220; rt_border_bottom=&#8220;&#8220; rt_border_left=&#8220;&#8220; rt_border_right=&#8220;&#8220; rt_border_top_mobile=&#8220;&#8220; rt_border_bottom_mobile=&#8220;&#8220; rt_border_left_mobile=&#8220;&#8220; rt_border_right_mobile=&#8220;&#8220; rt_bg_image_repeat=&#8220;repeat&#8220; rt_bg_size=&#8220;auto auto&#8220; rt_bg_position=&#8220;right top&#8220; rt_bg_attachment=&#8220;scroll&#8220;][vc_empty_space height=&#8220;90px&#8220;][\/vc_column][\/vc_row][vc_row rt_row_background_width=&#8220;fullwidth&#8220; rt_row_content_width=&#8220;default&#8220; rt_row_style=&#8220;default-style&#8220; rt_row_height=&#8220;&#8220; rt_row_borders=&#8220;&#8220; rt_row_shadows=&#8220;&#8220; rt_column_gaps=&#8220;&#8220; rt_row_paddings=&#8220;true&#8220; rt_bg_effect=&#8220;classic&#8220; rt_transparent_bg=&#8220;&#8220; rt_bg_image_repeat=&#8220;repeat&#8220; rt_bg_size=&#8220;cover&#8220; rt_bg_position=&#8220;right top&#8220; rt_bg_attachment=&#8220;scroll&#8220; rt_bg_video_format=&#8220;self-hosted&#8220;][vc_column rt_col_paddings=&#8220;true&#8220; rt_wrp_col_paddings=&#8220;false&#8220; rt_column_shadow=&#8220;&#8220; rt_border_top=&#8220;&#8220; rt_border_bottom=&#8220;&#8220; rt_border_left=&#8220;&#8220; rt_border_right=&#8220;&#8220; rt_border_top_mobile=&#8220;&#8220; rt_border_bottom_mobile=&#8220;&#8220; rt_border_left_mobile=&#8220;&#8220; rt_border_right_mobile=&#8220;&#8220; rt_bg_image_repeat=&#8220;repeat&#8220; rt_bg_size=&#8220;auto auto&#8220; rt_bg_position=&#8220;right top&#8220; rt_bg_attachment=&#8220;scroll&#8220;][\/vc_column][\/vc_row]<\/p>\n","protected":false},"excerpt":{"rendered":"<p>[vc_row rt_row_background_width=&#8220;fullwidth&#8220; rt_row_content_width=&#8220;fullwidth&#8220; rt_row_style=&#8220;default-style&#8220; rt_row_height=&#8220;&#8220; rt_row_borders=&#8220;&#8220; rt_row_shadows=&#8220;&#8220; rt_column_gaps=&#8220;&#8220; rt_row_paddings=&#8220;true&#8220; rt_bg_effect=&#8220;classic&#8220; rt_transparent_bg=&#8220;&#8220; rt_bg_image_repeat=&#8220;repeat&#8220; rt_bg_size=&#8220;cover&#8220; rt_bg_position=&#8220;right top&#8220; rt_bg_attachment=&#8220;scroll&#8220; rt_bg_video_format=&#8220;self-hosted&#8220;][vc_column rt_col_paddings=&#8220;false&#8220; rt_wrp_col_paddings=&#8220;false&#8220; rt_column_shadow=&#8220;&#8220; rt_border_top=&#8220;&#8220; rt_border_bottom=&#8220;&#8220; rt_border_left=&#8220;&#8220; rt_border_right=&#8220;&#8220; rt_border_top_mobile=&#8220;&#8220; rt_border_bottom_mobile=&#8220;&#8220; rt_border_left_mobile=&#8220;&#8220; rt_border_right_mobile=&#8220;&#8220; rt_bg_image_repeat=&#8220;repeat&#8220; rt_bg_size=&#8220;auto auto&#8220; rt_bg_position=&#8220;right top&#8220; rt_bg_attachment=&#8220;scroll&#8220; rt_bg_color=&#8220;&#8220; rt_bg_overlay_color=&#8220;&#8220;][vc_empty_space height=&#8220;50px&#8220;][\/vc_column][\/vc_row][vc_row rt_row_background_width=&#8220;fullwidth&#8220; rt_row_content_width=&#8220;fullwidth&#8220; rt_row_style=&#8220;default-style&#8220; rt_row_height=&#8220;&#8220; rt_column_placement=&#8220;middle&#8220; rt_row_borders=&#8220;&#8220; rt_row_shadows=&#8220;&#8220; rt_column_gaps=&#8220;&#8220; rt_row_paddings=&#8220;true&#8220; rt_bg_effect=&#8220;classic&#8220; rt_transparent_bg=&#8220;&#8220; rt_bg_image_repeat=&#8220;repeat&#8220; rt_bg_size=&#8220;cover&#8220; rt_bg_position=&#8220;right top&#8220; rt_bg_attachment=&#8220;scroll&#8220; rt_bg_video_format=&#8220;self-hosted&#8220; rt_padding_bottom=&#8220;0&#8243; &#8230; <a class=\"more-link\" href=\"https:\/\/www.birgit-breidenbach.com\/start\/neues\/\">Continue reading<\/a><\/p>\n","protected":false},"author":1,"featured_media":0,"parent":0,"menu_order":0,"comment_status":"closed","ping_status":"closed","template":"","meta":[],"_links":{"self":[{"href":"https:\/\/www.birgit-breidenbach.com\/start\/wp-json\/wp\/v2\/pages\/4334"}],"collection":[{"href":"https:\/\/www.birgit-breidenbach.com\/start\/wp-json\/wp\/v2\/pages"}],"about":[{"href":"https:\/\/www.birgit-breidenbach.com\/start\/wp-json\/wp\/v2\/types\/page"}],"author":[{"embeddable":true,"href":"https:\/\/www.birgit-breidenbach.com\/start\/wp-json\/wp\/v2\/users\/1"}],"replies":[{"embeddable":true,"href":"https:\/\/www.birgit-breidenbach.com\/start\/wp-json\/wp\/v2\/comments?post=4334"}],"version-history":[{"count":10,"href":"https:\/\/www.birgit-breidenbach.com\/start\/wp-json\/wp\/v2\/pages\/4334\/revisions"}],"predecessor-version":[{"id":4551,"href":"https:\/\/www.birgit-breidenbach.com\/start\/wp-json\/wp\/v2\/pages\/4334\/revisions\/4551"}],"wp:attachment":[{"href":"https:\/\/www.birgit-breidenbach.com\/start\/wp-json\/wp\/v2\/media?parent=4334"}],"curies":[{"name":"wp","href":"https:\/\/api.w.org\/{rel}","templated":true}]}}