{"id":3514,"date":"2020-09-16T21:33:36","date_gmt":"2020-09-16T19:33:36","guid":{"rendered":"http:\/\/www.birgit-breidenbach.com\/start\/?page_id=3514"},"modified":"2020-11-20T22:35:29","modified_gmt":"2020-11-20T21:35:29","slug":"lehre","status":"publish","type":"page","link":"https:\/\/www.birgit-breidenbach.com\/start\/lehre\/","title":{"rendered":"LEHRE"},"content":{"rendered":"<p>[vc_row rt_row_background_width=&#8220;fullwidth&#8220; rt_row_content_width=&#8220;fullwidth&#8220; rt_row_style=&#8220;default-style&#8220; rt_row_height=&#8220;&#8220; rt_row_borders=&#8220;&#8220; rt_row_shadows=&#8220;&#8220; rt_column_gaps=&#8220;&#8220; rt_row_paddings=&#8220;false&#8220; rt_bg_effect=&#8220;classic&#8220; rt_transparent_bg=&#8220;&#8220; rt_bg_image_repeat=&#8220;repeat&#8220; rt_bg_size=&#8220;cover&#8220; rt_bg_position=&#8220;right top&#8220; rt_bg_attachment=&#8220;scroll&#8220; rt_bg_video_format=&#8220;self-hosted&#8220;][vc_column rt_col_paddings=&#8220;false&#8220; rt_wrp_col_paddings=&#8220;false&#8220; rt_column_shadow=&#8220;&#8220; rt_border_top=&#8220;&#8220; rt_border_bottom=&#8220;&#8220; rt_border_left=&#8220;&#8220; rt_border_right=&#8220;&#8220; rt_border_top_mobile=&#8220;&#8220; rt_border_bottom_mobile=&#8220;&#8220; rt_border_left_mobile=&#8220;&#8220; rt_border_right_mobile=&#8220;&#8220; rt_bg_image_repeat=&#8220;repeat&#8220; rt_bg_size=&#8220;auto auto&#8220; rt_bg_position=&#8220;right top&#8220; rt_bg_attachment=&#8220;scroll&#8220; rt_bg_color=&#8220;&#8220; rt_bg_overlay_color=&#8220;&#8220;]<div id=\"content-slider-861164\" class=\"rt-carousel main-carousel carousel-holder clearfix\" data-item-width=\"1\" data-mobile-height=\"350\" data-nav=\"true\" data-dots=\"true\" data-parallax=\"true\" data-timeout=\"15000\" data-autoplay=\"true\">\n<div class=\"owl-carousel\">\n\n\t\t<div class=\"item has-bg-image  global-style\" style=\"min-height: 800px;\">\n\t\t\t\n\t\t\t<div class=\"slide-background\" style=\"background-image: url(https:\/\/www.birgit-breidenbach.com\/start\/wp-content\/uploads\/2020\/11\/slider4.jpg);background-repeat: no-repeat;background-size: cover;background-position: center center;\"><\/div>\n\t\t<\/div>\n\t\t<div class=\"item has-bg-image  global-style\" style=\"min-height: 800px;\">\n\t\t\t\n\t\t\t<div class=\"slide-background\" style=\"background-image: url(https:\/\/www.birgit-breidenbach.com\/start\/wp-content\/uploads\/2020\/11\/slider11.jpg);background-repeat: no-repeat;background-size: cover;background-position: center center;\"><\/div>\n\t\t<\/div><\/div>\n\n\t\t\t\t<div id=\"content-slider-861164-dots\" class=\"dots-holder\">\n\t\t\t\t<\/div>\n\t\t\t\n<\/div>\n[vc_empty_space height=&#8220;50px&#8220;][\/vc_column][\/vc_row][vc_row rt_row_background_width=&#8220;fullwidth&#8220; rt_row_content_width=&#8220;fullwidth&#8220; rt_row_style=&#8220;default-style&#8220; rt_row_height=&#8220;&#8220; rt_column_placement=&#8220;middle&#8220; rt_row_borders=&#8220;&#8220; rt_row_shadows=&#8220;&#8220; rt_column_gaps=&#8220;&#8220; rt_row_paddings=&#8220;true&#8220; rt_bg_effect=&#8220;classic&#8220; rt_transparent_bg=&#8220;&#8220; rt_bg_image_repeat=&#8220;repeat&#8220; rt_bg_size=&#8220;cover&#8220; rt_bg_position=&#8220;right top&#8220; rt_bg_attachment=&#8220;scroll&#8220; rt_bg_video_format=&#8220;self-hosted&#8220; rt_padding_bottom=&#8220;0&#8243; rt_padding_top=&#8220;0&#8243;][vc_column width=&#8220;1\/6&#8243; rt_col_paddings=&#8220;true&#8220; rt_wrp_col_paddings=&#8220;false&#8220; rt_column_shadow=&#8220;&#8220; rt_border_top=&#8220;&#8220; rt_border_bottom=&#8220;&#8220; rt_border_left=&#8220;&#8220; rt_border_right=&#8220;&#8220; rt_border_top_mobile=&#8220;&#8220; rt_border_bottom_mobile=&#8220;&#8220; rt_border_left_mobile=&#8220;&#8220; rt_border_right_mobile=&#8220;&#8220; rt_bg_image_repeat=&#8220;repeat&#8220; rt_bg_size=&#8220;auto auto&#8220; rt_bg_position=&#8220;right top&#8220; rt_bg_attachment=&#8220;scroll&#8220; force_content_width=&#8220;yes&#8220; column_align=&#8220;right&#8220; rt_bg_color=&#8220;&#8220; rt_bg_overlay_color=&#8220;&#8220; rt_padding_left=&#8220;15%&#8220; rt_padding_right=&#8220;15%&#8220; rt_padding_top=&#8220;50px&#8220; rt_padding_bottom=&#8220;50px&#8220;][\/vc_column][vc_column width=&#8220;2\/3&#8243; rt_col_paddings=&#8220;true&#8220; rt_wrp_col_paddings=&#8220;false&#8220; rt_column_shadow=&#8220;&#8220; rt_border_top=&#8220;&#8220; rt_border_bottom=&#8220;&#8220; rt_border_left=&#8220;&#8220; rt_border_right=&#8220;&#8220; rt_border_top_mobile=&#8220;&#8220; rt_border_bottom_mobile=&#8220;&#8220; rt_border_left_mobile=&#8220;&#8220; rt_border_right_mobile=&#8220;&#8220; rt_bg_image_repeat=&#8220;repeat&#8220; rt_bg_size=&#8220;auto auto&#8220; rt_bg_position=&#8220;right top&#8220; rt_bg_attachment=&#8220;scroll&#8220;]<div class=\"rt_heading_wrapper style-3\">\n\t\t\t\t\t\t<h1 class=\"rt_heading  style-3\" >LEHRE<\/h1> \n\t\t\t\t\t<\/div>[vc_empty_space height=&#8220;40px&#8220;][vc_column_text]<i>Gedanken zu meiner Arbeit &#8230;<\/i><\/p>\n<p>Es waren meine Lehrer, die mich gelehrt haben Zutrauen in meine F\u00e4higkeiten zu haben.<br \/>\nDie erhaltene Schulung hat mir den gr\u00f6\u00dften Schatz mitgegeben, den ein P\u00e4dagoge einem Gesangsch\u00fcler vermitteln kann:<br \/>\n<em>die Akzeptanz und das Vertrauen in die eigene Stimme<\/em>.<\/p>\n<p><span style=\"text-align: justify;\">Es ist mein Leitmotiv und zugleich die Basis meiner Gesangsp\u00e4dagogik seit nun \u00fcber 30 Jahren. Ein wesentlicher Aspekt meiner Arbeit kommt dem menschlichen K\u00f6rper, dessen Bewusstmachung und Schulung zu. Er ist zu einer grundlegenden Komponente meiner Arbeit geworden &#8211; diese zeichnet sich aus durch eine individuelle, k\u00f6rperbetonte und praxisorientierte Arbeitsweise &#8211; das Ziel ist die Entwicklung und F\u00f6rderung der singul\u00e4ren Stimme in ihrer Eigenart, sowie die Vermittlung einer Gesangstechnik, die sich in den unterschiedlichsten Bereichen von Theater und Konzert bew\u00e4hren kann.<\/span><\/p>\n<p>Dem Unterricht kommen auch meine jahrelangen Erfahrungen aus meinen Konzertprogrammen zugute &#8211; Programme, in denen ein klassisches sowie ein breitgef\u00e4chertes Crossover-Repertoire nicht miteinander konkurrieren, sondern einer gemeinsamen Dramaturgie dienen.[\/vc_column_text][vc_separator style=&#8220;style-4&#8243;][vc_column_text]<\/p>\n<div class=\"page\" title=\"Page 1\">\n<div class=\"layoutArea\">\n<div class=\"column\">\n<p>It was my teachers who taught me to trust in my abilities.<br \/>\nWhatever I learned showed me the most significant treasure a teacher can give her students:<br \/>\nto accept and to trust in their own voice.<\/p>\n<p>This has been my leading motif and the basis of my own teaching for over 30 years.<\/p>\n<p>An essential aspect of my work has to do with the human body, its becoming aware as well as its education. This has been a basic component of my work, which is characterized by my individual, body-centred method related to practise.<\/p>\n<p>The aim is to develop and support the individual voice as it is, as well as demonstrating a singing technique that can prove itself in the most diverse aspects of the theatre or concert hall.<\/p>\n<p>Teaching others is improved by my long experience of concerts in which a classical and crossover repertoire serves a dramatic function not of competition but of togetherness.<\/p>\n<\/div>\n<\/div>\n<\/div>\n<p>[\/vc_column_text][vc_empty_space height=&#8220;40px&#8220;]<div class=\"rt_tabs clearfix  tab-position-1 style-1\"  data-tab-position=\"tab-position-1\" data-tab-count=\"4\"><ul class=\"tab_nav hidden-xs\"><li class=\"tab_title  active\" id=\"tab-1-title\" data-tab-number=\"1\">P\u00e4dagogischer Werdegang<\/li><li class=\"tab_title \" id=\"tab-2-title\" data-tab-number=\"2\">Kalaidos<\/li><li class=\"tab_title \" id=\"tab-3-title\" data-tab-number=\"3\">Privates Gesangstudio<\/li><li class=\"tab_title \" id=\"tab-4-title\" data-tab-number=\"4\">Workshops<\/li><\/ul><div class=\"tab_contents\"><div class=\"tab_content_wrapper animation active\" id=\"tab-1\" data-tab-content=\"1\">\n\t\t\t\t\t\t<div id=\"tab-1-inline-title\" class=\"tab_title visible-xs\" data-tab-number=\"1\">P\u00e4dagogischer Werdegang<\/div>\n\t\t\t\t\t\t<div class=\"tab_content\"><p>seit 1988 privates Gesangstudio in Bergisch Gladbach<\/p>\n<p>Initiatorin szenischer und konzertanter Sch\u00fclerprojekte<\/p>\n<p>Lehrt\u00e4tigkeit an der Musikschule Nienberge<\/p>\n<p>Dozentin bei DTKV-Gesankskursen in K\u00f6ln neben Prof. Peter Ziethen und gemeinsam mit Prof. Soto Papulkas und Prof. Josef Protschka bei den internationalen Meisterkursen auf Schloss Weikersheim<\/p>\n<p>Dozentin Meisterkurse Gesang &#8222;Musik aktiv&#8220; Landesmusikakademie NRW, Burg Nienborg<\/p>\n<p>Jury-Mitglied bei verschiedenen Wettbewerben:<br \/>\n&#8211; bei dem internationalen Wettbewerb f\u00fcr Kammermusik (Gesang und Gitarre), Schloss Weikersheim<br \/>\n&#8211; dem DTKV-Wettbewerb f\u00fcr Nachwuchsk\u00fcnstler<br \/>\n&#8211; beim Landeswettbewerb NRW Jugend musiziert f\u00fcr Musical<\/p>\n<p>Initiatorin von Meisterkursen Gesang<br \/>\nhierzu wird das Unterrichtsangebot durch qualifizierte Gast-Dozenten erg\u00e4nzt aus den Bereichen Bewegung, Tanz, Regie, Schauspiel, Lied<\/p>\n<p>Workshop &#8222;Atem &#8211; Stimme &#8211; Klang&#8220; &#8211; Auroville \/ Indien<\/p>\n<p>von April 2001 &#8211; Oktober 2018 Dozentin f\u00fcr das Hauptfach Gesang Bachelor und Master Klassik an der Musikhochschule M\u00fcnster<\/p>\n<p>seit 2018 Erweiterung des privaten Gesangstudios<\/p>\n<p>Auftrittscoaching f\u00fcr angehende S\u00e4ngerInnen<br \/>\nAufnahmepr\u00fcfungsvorbereitung f\u00fcr Studienanw\u00e4rterInnen<br \/>\nCoaching von Lied-Duos S\u00e4nger und Pianist<br \/>\nWorkshops &#8222;Klangfiguren&#8220; f\u00fcr ambitionierte Amateure, Semiprofessionelle und Profis<br \/>\nOrganisation und Konzeption der Konzertreihe &#8222;Wohnzimmerkonzerte von aufstrebenden jungen S\u00e4ngerInnen&#8220;&#8220; in Bergisch Gladbach, K\u00f6ln und M\u00fcnster<\/p>\n<p>seit 2019 Dozentin f\u00fcr das Hauptfach Gesang<br \/>\nim Bereich Bachelor und Master Klassik und Crossover<br \/>\nan der Kalaidos Musikhochschule<br \/>\nin der <a href=\"https:\/\/www.kalaidos-fh.ch\/de-CH\" target=\"_blank\" rel=\"noopener noreferrer\">Kalaidos University of Applied Sciences Switzerland<\/a><\/p>\n<\/div>\n\t\t\t\t\t<\/div><div class=\"tab_content_wrapper animation \" id=\"tab-2\" data-tab-content=\"2\">\n\t\t\t\t\t\t<div id=\"tab-2-inline-title\" class=\"tab_title visible-xs\" data-tab-number=\"2\">Kalaidos<\/div>\n\t\t\t\t\t\t<div class=\"tab_content\"><p>Haben Sie Interesse an einem individuell auf Sie zugeschnittenen Gesangstudium ?<br \/>\nAls Voll- oder Teilzeitstudium ?<br \/>\nSie lieben Klassik sowie Crossover ?<br \/>\nSie streben einen Bachelor- bzw. Masterabschluss an ?<br \/>\nAls Dozentin f\u00fcr das Hauptfach Gesang an der Kalaidos Universit\u00e4t biete ich Ihnen ein breitgef\u00e4chertes Unterrichtsangebot.<\/p>\n<p>Dozentin f\u00fcr das Hauptfach Gesang im Bereich Bachelor und Master Gesang Klassik und Crossover<br \/>\nan der Kalaidos Musikhochschule<br \/>\nin der Kalaidos University of Applied Sciences<br \/>\nSwitzerland<br \/>\n<a href=\"https:\/\/www.kalaidos-music.ch\" target=\"_blank\" rel=\"noopener noreferrer\">www.kalaidos-music.ch<\/a><\/p>\n<p><strong>Bitte schreiben Sie mir, wenn Sie sich f\u00fcr ein Gesangstudium bei mir interessieren.<\/strong><\/p>\n<\/div>\n\t\t\t\t\t<\/div><div class=\"tab_content_wrapper animation \" id=\"tab-3\" data-tab-content=\"3\">\n\t\t\t\t\t\t<div id=\"tab-3-inline-title\" class=\"tab_title visible-xs\" data-tab-number=\"3\">Privates Gesangstudio<\/div>\n\t\t\t\t\t\t<div class=\"tab_content\"><p>In meiner Heimatstadt Bergisch Gladbach konnte ich seit \u00fcber drei\u00dfig Jahren ein erfolgreiches privates Gesangstudio aufbauen, dem sowohl professionelle als auch nicht-professionelle S\u00e4ngerinnen und S\u00e4nger angeh\u00f6ren.<\/p>\n<p>Neben meiner T\u00e4tigkeit als S\u00e4ngerin bin ich mit Herz und Seele Lehrerin.<br \/>\nMeine pers\u00f6nliche Einstellung: <em><strong>Lass los und f\u00fchle<\/strong><\/em>\u00a0gebe ich an meine Sch\u00fclerInnen weiter. Singen ist Lebensfreude! &#8211; auf der einen Seite ein nat\u00fcrlicher Ausgleich zum Lebensalltag, aber auch im S\u00e4ngeralltag darf sie nicht verloren gehen. Dazu geh\u00f6rt eine Technik, auf die man sich verlassen kann, auch in den Extremsituationen des S\u00e4ngerberufes. Technik ist die Grundlage, die Basis, die so nat\u00fcrlich profund im S\u00e4ngerinstrument &#8211; dem K\u00f6rper &#8211; \u00a0verankert sein muss, dass sie in jeder Lebenslage abrufbar ist, damit kein Stress aufkommt.<\/p>\n<p>Weil jede Musik ihre Wahrheit hat, vermittle ich in meinem Gesangstudio einf\u00fchlsam genre\u00fcbergreifend die Madrigale des Mittelalters bis zu zeitgen\u00f6ssischen Kompositionen, vom Jazz und Musical bis zur Oper, von der Operette und dem Chanson bis zu Oratorium und Kunstlied &#8211; In internen Klassenkonzerten und Sch\u00fclerprojekten vor gro\u00dfem Publikum lernen die Akteure das eine mit dem anderen zu verbinden.<\/p>\n<p>Vorangehende projektbezogene Workshops gemeinsam mit Co-Dozenten beinhalten die Sicht auf den Menschen als Ganzes, durch die Wahrnehmung und Schulung des K\u00f6rpers, in t\u00e4nzerischem, szenischem und intensivem interpretatorischen Unterricht.<\/p>\n<p><a href=\"http:\/\/kontakt.php\">Kontaktieren Sie mich.<\/a><\/p>\n<\/div>\n\t\t\t\t\t<\/div><div class=\"tab_content_wrapper animation \" id=\"tab-4\" data-tab-content=\"4\">\n\t\t\t\t\t\t<div id=\"tab-4-inline-title\" class=\"tab_title visible-xs\" data-tab-number=\"4\">Workshops<\/div>\n\t\t\t\t\t\t<div class=\"tab_content\"><p><strong>&#8222;Klangfiguren&#8220;<br \/>\n<\/strong>Die unendliche Vielfalt des Stimmeinsatzes inspirierte mich, in meiner p\u00e4dagogischen Arbeit zus\u00e4tzlich zu Einzelunterricht, zu den Workshops \u201eKlangfiguren\u201c. Urspr\u00fcnglich f\u00fcr S\u00e4nger entwickelt, haben sich diese Workshops auch in anderen Berufsfeldern bew\u00e4hrt und erfreuen sich hoher Nachfrage.<\/p>\n<p><strong>\u201eKlangfiguren\u201c <span class=\"darkred\">Atem-Stimme Klang<\/span> &#8211; Workshop f\u00fcr Einsteiger<br \/>\n<\/strong>Manches geschieht von selbst \u2013 vertraue darauf \u2013 du kannst es flie\u00dfen lassen.\u00a0Purer Genuss!\u00a0F\u00fcr diesen Workshop braucht man keinerlei Vorkenntnisse.<br \/>\nTeilnehmerzahl variabel<\/p>\n<p><b>\u201eKlangfiguren\u201c <span class=\"darkred\">Wir nehmen uns Raum<\/span> \u2013 Workshop f\u00fcr Bewegungsfreudige<br \/>\n<\/b>Es ist genug Raum f\u00fcr alle da!\u00a0Pr\u00e4senz wirkt anziehend \u2013 Achtung! Ansteckungsgefahr!<br \/>\nTeilnehmerzahl 6-10 Personen Einzel- und Gruppenarbeit<\/p>\n<p><b>\u201eKlangfiguren\u201c <span class=\"darkred\">Stimmimprovisation<\/span> \u2013 Workshop f\u00fcr Mitteilsame<br \/>\n<\/b>Man nehme: einen kr\u00e4ftigen Atemzug, das Sprechwerkzeug: Lippen, Z\u00e4hne, Zunge und Gaumen\u2026,\u00a0\u00f6ffne die Nase, die Kehle, die Lunge, den K\u00f6rper, den Geist\u2026,\u00a0ger\u00fchrt oder gesch\u00fcttelt \u2013 und los geht&#8217;s!<br \/>\nTeilnehmerzahl <span class=\"darkred\">variabel:<\/span> Einzel- und Gruppenarbeit<\/p>\n<p><b>\u201eKlangfiguren\u201c <span class=\"darkred\">Dynamik<\/span> \u2013 Workshop f\u00fcr Nimmersatte<br \/>\n<\/b>Ob jung oder alt, ob gro\u00df oder klein, ob hungrig oder satt, ob schnell oder langsam,\u00a0ob d\u00fcnn oder dick, ob hoch oder tief, ob weit oder eng, ob vor oder zur\u00fcck, ob dr\u00fcber oder drunter, ob lieb oder gemein, ob gef\u00e4hrlich oder zahm, ob Realist oder Tr\u00e4umer,\u00a0hier kommt eins zum anderen.<br \/>\nTeilnehmerzahl <span class=\"darkred\">variabel:<\/span> Einzel- und Gruppenarbeit<\/p>\n<p><b>\u00a0<\/b><\/p>\n<\/div>\n\t\t\t\t\t<\/div><\/div><\/div>[\/vc_column][vc_column width=&#8220;1\/6&#8243; rt_col_paddings=&#8220;true&#8220; rt_wrp_col_paddings=&#8220;false&#8220; rt_column_shadow=&#8220;&#8220; rt_border_top=&#8220;&#8220; rt_border_bottom=&#8220;&#8220; rt_border_left=&#8220;&#8220; rt_border_right=&#8220;&#8220; rt_border_top_mobile=&#8220;&#8220; rt_border_bottom_mobile=&#8220;&#8220; rt_border_left_mobile=&#8220;&#8220; rt_border_right_mobile=&#8220;&#8220; rt_bg_image_repeat=&#8220;repeat&#8220; rt_bg_size=&#8220;auto auto&#8220; rt_bg_position=&#8220;right top&#8220; rt_bg_attachment=&#8220;scroll&#8220;][\/vc_column][\/vc_row][vc_row rt_row_background_width=&#8220;fullwidth&#8220; rt_row_content_width=&#8220;default&#8220; rt_row_style=&#8220;default-style&#8220; rt_row_height=&#8220;&#8220; rt_row_borders=&#8220;&#8220; rt_row_shadows=&#8220;&#8220; rt_column_gaps=&#8220;&#8220; rt_row_paddings=&#8220;true&#8220; rt_bg_effect=&#8220;classic&#8220; rt_transparent_bg=&#8220;&#8220; rt_bg_image_repeat=&#8220;repeat&#8220; rt_bg_size=&#8220;cover&#8220; rt_bg_position=&#8220;right top&#8220; rt_bg_attachment=&#8220;scroll&#8220; rt_bg_video_format=&#8220;self-hosted&#8220;][vc_column rt_col_paddings=&#8220;true&#8220; rt_wrp_col_paddings=&#8220;false&#8220; rt_column_shadow=&#8220;&#8220; rt_border_top=&#8220;&#8220; rt_border_bottom=&#8220;&#8220; rt_border_left=&#8220;&#8220; rt_border_right=&#8220;&#8220; rt_border_top_mobile=&#8220;&#8220; rt_border_bottom_mobile=&#8220;&#8220; rt_border_left_mobile=&#8220;&#8220; rt_border_right_mobile=&#8220;&#8220; rt_bg_image_repeat=&#8220;repeat&#8220; rt_bg_size=&#8220;auto auto&#8220; rt_bg_position=&#8220;right top&#8220; rt_bg_attachment=&#8220;scroll&#8220;][vc_empty_space height=&#8220;90px&#8220;][\/vc_column][\/vc_row][vc_row rt_row_background_width=&#8220;fullwidth&#8220; rt_row_content_width=&#8220;default&#8220; rt_row_style=&#8220;default-style&#8220; rt_row_height=&#8220;&#8220; rt_row_borders=&#8220;&#8220; rt_row_shadows=&#8220;&#8220; rt_column_gaps=&#8220;&#8220; rt_row_paddings=&#8220;true&#8220; rt_bg_effect=&#8220;classic&#8220; rt_transparent_bg=&#8220;&#8220; rt_bg_image_repeat=&#8220;repeat&#8220; rt_bg_size=&#8220;cover&#8220; rt_bg_position=&#8220;right top&#8220; rt_bg_attachment=&#8220;scroll&#8220; rt_bg_video_format=&#8220;self-hosted&#8220;][vc_column rt_col_paddings=&#8220;true&#8220; rt_wrp_col_paddings=&#8220;false&#8220; rt_column_shadow=&#8220;&#8220; rt_border_top=&#8220;&#8220; rt_border_bottom=&#8220;&#8220; rt_border_left=&#8220;&#8220; rt_border_right=&#8220;&#8220; rt_border_top_mobile=&#8220;&#8220; rt_border_bottom_mobile=&#8220;&#8220; rt_border_left_mobile=&#8220;&#8220; rt_border_right_mobile=&#8220;&#8220; rt_bg_image_repeat=&#8220;repeat&#8220; rt_bg_size=&#8220;auto auto&#8220; rt_bg_position=&#8220;right top&#8220; rt_bg_attachment=&#8220;scroll&#8220;][\/vc_column][\/vc_row]<\/p>\n","protected":false},"excerpt":{"rendered":"<p>[vc_row rt_row_background_width=&#8220;fullwidth&#8220; rt_row_content_width=&#8220;fullwidth&#8220; rt_row_style=&#8220;default-style&#8220; rt_row_height=&#8220;&#8220; rt_row_borders=&#8220;&#8220; rt_row_shadows=&#8220;&#8220; rt_column_gaps=&#8220;&#8220; rt_row_paddings=&#8220;false&#8220; rt_bg_effect=&#8220;classic&#8220; rt_transparent_bg=&#8220;&#8220; rt_bg_image_repeat=&#8220;repeat&#8220; rt_bg_size=&#8220;cover&#8220; rt_bg_position=&#8220;right top&#8220; rt_bg_attachment=&#8220;scroll&#8220; rt_bg_video_format=&#8220;self-hosted&#8220;][vc_column rt_col_paddings=&#8220;false&#8220; rt_wrp_col_paddings=&#8220;false&#8220; rt_column_shadow=&#8220;&#8220; rt_border_top=&#8220;&#8220; rt_border_bottom=&#8220;&#8220; rt_border_left=&#8220;&#8220; rt_border_right=&#8220;&#8220; rt_border_top_mobile=&#8220;&#8220; rt_border_bottom_mobile=&#8220;&#8220; rt_border_left_mobile=&#8220;&#8220; rt_border_right_mobile=&#8220;&#8220; rt_bg_image_repeat=&#8220;repeat&#8220; rt_bg_size=&#8220;auto auto&#8220; rt_bg_position=&#8220;right top&#8220; rt_bg_attachment=&#8220;scroll&#8220; rt_bg_color=&#8220;&#8220; rt_bg_overlay_color=&#8220;&#8220;][vc_empty_space height=&#8220;50px&#8220;][\/vc_column][\/vc_row][vc_row rt_row_background_width=&#8220;fullwidth&#8220; rt_row_content_width=&#8220;fullwidth&#8220; rt_row_style=&#8220;default-style&#8220; rt_row_height=&#8220;&#8220; rt_column_placement=&#8220;middle&#8220; rt_row_borders=&#8220;&#8220; rt_row_shadows=&#8220;&#8220; rt_column_gaps=&#8220;&#8220; rt_row_paddings=&#8220;true&#8220; rt_bg_effect=&#8220;classic&#8220; rt_transparent_bg=&#8220;&#8220; rt_bg_image_repeat=&#8220;repeat&#8220; rt_bg_size=&#8220;cover&#8220; rt_bg_position=&#8220;right top&#8220; rt_bg_attachment=&#8220;scroll&#8220; rt_bg_video_format=&#8220;self-hosted&#8220; rt_padding_bottom=&#8220;0&#8243; &#8230; <a class=\"more-link\" href=\"https:\/\/www.birgit-breidenbach.com\/start\/lehre\/\">Continue reading<\/a><\/p>\n","protected":false},"author":1,"featured_media":0,"parent":0,"menu_order":0,"comment_status":"closed","ping_status":"closed","template":"","meta":[],"_links":{"self":[{"href":"https:\/\/www.birgit-breidenbach.com\/start\/wp-json\/wp\/v2\/pages\/3514"}],"collection":[{"href":"https:\/\/www.birgit-breidenbach.com\/start\/wp-json\/wp\/v2\/pages"}],"about":[{"href":"https:\/\/www.birgit-breidenbach.com\/start\/wp-json\/wp\/v2\/types\/page"}],"author":[{"embeddable":true,"href":"https:\/\/www.birgit-breidenbach.com\/start\/wp-json\/wp\/v2\/users\/1"}],"replies":[{"embeddable":true,"href":"https:\/\/www.birgit-breidenbach.com\/start\/wp-json\/wp\/v2\/comments?post=3514"}],"version-history":[{"count":10,"href":"https:\/\/www.birgit-breidenbach.com\/start\/wp-json\/wp\/v2\/pages\/3514\/revisions"}],"predecessor-version":[{"id":4264,"href":"https:\/\/www.birgit-breidenbach.com\/start\/wp-json\/wp\/v2\/pages\/3514\/revisions\/4264"}],"wp:attachment":[{"href":"https:\/\/www.birgit-breidenbach.com\/start\/wp-json\/wp\/v2\/media?parent=3514"}],"curies":[{"name":"wp","href":"https:\/\/api.w.org\/{rel}","templated":true}]}}