{"id":3451,"date":"2020-09-16T15:14:49","date_gmt":"2020-09-16T13:14:49","guid":{"rendered":"http:\/\/www.birgit-breidenbach.com\/start\/?page_id=3451"},"modified":"2025-03-11T15:39:20","modified_gmt":"2025-03-11T14:39:20","slug":"programme","status":"publish","type":"page","link":"https:\/\/www.birgit-breidenbach.com\/start\/programme\/","title":{"rendered":"PROGRAMME"},"content":{"rendered":"<p>[vc_row rt_row_background_width=&#8220;fullwidth&#8220; rt_row_content_width=&#8220;fullwidth&#8220; rt_row_style=&#8220;default-style&#8220; rt_row_height=&#8220;&#8220; rt_row_borders=&#8220;&#8220; rt_row_shadows=&#8220;&#8220; rt_column_gaps=&#8220;&#8220; rt_row_paddings=&#8220;false&#8220; rt_bg_effect=&#8220;classic&#8220; rt_transparent_bg=&#8220;&#8220; rt_bg_image_repeat=&#8220;repeat&#8220; rt_bg_size=&#8220;cover&#8220; rt_bg_position=&#8220;right top&#8220; rt_bg_attachment=&#8220;scroll&#8220; rt_bg_video_format=&#8220;self-hosted&#8220;][vc_column rt_col_paddings=&#8220;false&#8220; rt_wrp_col_paddings=&#8220;false&#8220; rt_column_shadow=&#8220;&#8220; rt_border_top=&#8220;&#8220; rt_border_bottom=&#8220;&#8220; rt_border_left=&#8220;&#8220; rt_border_right=&#8220;&#8220; rt_border_top_mobile=&#8220;&#8220; rt_border_bottom_mobile=&#8220;&#8220; rt_border_left_mobile=&#8220;&#8220; rt_border_right_mobile=&#8220;&#8220; rt_bg_image_repeat=&#8220;repeat&#8220; rt_bg_size=&#8220;auto auto&#8220; rt_bg_position=&#8220;right top&#8220; rt_bg_attachment=&#8220;scroll&#8220; rt_bg_color=&#8220;&#8220; rt_bg_overlay_color=&#8220;&#8220;]<div id=\"content-slider-803541\" class=\"rt-carousel main-carousel carousel-holder clearfix\" data-item-width=\"1\" data-mobile-height=\"350\" data-nav=\"true\" data-dots=\"true\" data-parallax=\"true\" data-timeout=\"15000\" data-autoplay=\"true\">\n<div class=\"owl-carousel\">\n\n\t\t<div class=\"item has-bg-image  global-style\" style=\"min-height: 800px;\">\n\t\t\t\n\t\t\t<div class=\"slide-background\" style=\"background-image: url(https:\/\/www.birgit-breidenbach.com\/start\/wp-content\/uploads\/2020\/11\/prog_1.jpg);background-repeat: no-repeat;background-size: cover;background-position: center center;\"><\/div>\n\t\t<\/div><\/div>\n\n\t\t\t\t<div id=\"content-slider-803541-dots\" class=\"dots-holder\">\n\t\t\t\t<\/div>\n\t\t\t\n<\/div>\n[vc_empty_space height=&#8220;50px&#8220;][\/vc_column][\/vc_row][vc_row rt_row_background_width=&#8220;fullwidth&#8220; rt_row_content_width=&#8220;fullwidth&#8220; rt_row_style=&#8220;default-style&#8220; rt_row_height=&#8220;&#8220; rt_column_placement=&#8220;middle&#8220; rt_row_borders=&#8220;&#8220; rt_row_shadows=&#8220;&#8220; rt_column_gaps=&#8220;&#8220; rt_row_paddings=&#8220;true&#8220; rt_bg_effect=&#8220;classic&#8220; rt_transparent_bg=&#8220;&#8220; rt_bg_image_repeat=&#8220;repeat&#8220; rt_bg_size=&#8220;cover&#8220; rt_bg_position=&#8220;right top&#8220; rt_bg_attachment=&#8220;scroll&#8220; rt_bg_video_format=&#8220;self-hosted&#8220; rt_padding_bottom=&#8220;0&#8243; rt_padding_top=&#8220;0&#8243;][vc_column width=&#8220;1\/6&#8243; rt_col_paddings=&#8220;true&#8220; rt_wrp_col_paddings=&#8220;false&#8220; rt_column_shadow=&#8220;&#8220; rt_border_top=&#8220;&#8220; rt_border_bottom=&#8220;&#8220; rt_border_left=&#8220;&#8220; rt_border_right=&#8220;&#8220; rt_border_top_mobile=&#8220;&#8220; rt_border_bottom_mobile=&#8220;&#8220; rt_border_left_mobile=&#8220;&#8220; rt_border_right_mobile=&#8220;&#8220; rt_bg_image_repeat=&#8220;repeat&#8220; rt_bg_size=&#8220;auto auto&#8220; rt_bg_position=&#8220;right top&#8220; rt_bg_attachment=&#8220;scroll&#8220; force_content_width=&#8220;yes&#8220; column_align=&#8220;right&#8220; rt_bg_color=&#8220;&#8220; rt_bg_overlay_color=&#8220;&#8220; rt_padding_left=&#8220;15%&#8220; rt_padding_right=&#8220;15%&#8220; rt_padding_top=&#8220;50px&#8220; rt_padding_bottom=&#8220;50px&#8220;][\/vc_column][vc_column width=&#8220;2\/3&#8243; rt_col_paddings=&#8220;true&#8220; rt_wrp_col_paddings=&#8220;false&#8220; rt_column_shadow=&#8220;&#8220; rt_border_top=&#8220;&#8220; rt_border_bottom=&#8220;&#8220; rt_border_left=&#8220;&#8220; rt_border_right=&#8220;&#8220; rt_border_top_mobile=&#8220;&#8220; rt_border_bottom_mobile=&#8220;&#8220; rt_border_left_mobile=&#8220;&#8220; rt_border_right_mobile=&#8220;&#8220; rt_bg_image_repeat=&#8220;repeat&#8220; rt_bg_size=&#8220;auto auto&#8220; rt_bg_position=&#8220;right top&#8220; rt_bg_attachment=&#8220;scroll&#8220;]<div class=\"rt_heading_wrapper style-3\">\n\t\t\t\t\t\t<h1 class=\"rt_heading  style-3\" >PROGRAMME<\/h1> \n\t\t\t\t\t<\/div>[vc_empty_space height=&#8220;48px&#8220;][vc_text_separator title=&#8220;Vom Dunkel ins Licht&#8220; i_icon_fontawesome=&#8220;far fa-file&#8220; i_color=&#8220;grey&#8220; i_size=&#8220;sm&#8220; title_align=&#8220;separator_align_left&#8220; add_icon=&#8220;true&#8220; el_id=&#8220;vomdunkelinslicht&#8220;][vc_column_text]Die Weihnachtsgeschichte erz\u00e4hlt von Maria und Joseph, die ihr erstes Kind erwarten, von ihrem \u00a0beschwerlichen Weg \u00a0nach Bethlehem, ihrer vergeblichen Suche nach einer Unterkunft. Sie erz\u00e4hlt von der Freude der Eltern \u00fcber ihr Neugeborenes, der Ankunft der Hirten am Stall und der Reise der K\u00f6nige zum ersehnten Retter. Diese Geschichte erz\u00e4hlen auch die 24 Lieder und Instrumentalst\u00fccke dieser CD, mit Musik aus dem 17. bis 21. Jahrhundert aus unterschiedlichen L\u00e4ndern.<br \/>\nHierbei haben die drei Musiker f\u00fcr die ungew\u00f6hnliche Zusammensetzung eines Trios \u2013 KontraAlt, Bratsche und Klavier \u2013 viele St\u00fccke bearbeitet und neu arrangiert. Sie alle haben die Erfahrungen von Menschen mit Dunkelheit und Licht, Sehnsucht und Erf\u00fcllung gemein.[\/vc_column_text][vc_empty_space height=&#8220;48px&#8220;][vc_text_separator title=&#8220;Wenn ich mir was w\u00fcnschen d\u00fcrfte&#8220; i_icon_fontawesome=&#8220;far fa-file&#8220; i_color=&#8220;grey&#8220; i_size=&#8220;sm&#8220; title_align=&#8220;separator_align_right&#8220; add_icon=&#8220;true&#8220; el_id=&#8220;wennichmirwaswuenschenduerfte&#8220;][vc_column_text]Angedenken<\/p>\n<p>In den ersten 30 Jahren des 20. Jahrhunderts wandelte sich die Musik in Deutschland grundlegend. Komponisten wie Gustav Mahler, Arnold Sch\u00f6nberg, Paul Hindemith, Kurt Weill, Ernst Krenek oder Erich Wolfgang Korngold pr\u00e4gten das Musikleben und f\u00fchrten es zu neuen H\u00f6hepunkten. Nie zuvor verlangte ein auf dem Vulkan tanzendes Publikum so exzessiv nach neuen Schlagern, Operetten, Revuen, Filmen. Es f\u00f6rderte damit die Musik eines Friedrich Hollaender, eines Rudolf Nelson, Hans May, Paul Abraham, Leo Fall und vieler anderer. Die Crossover-Ten\u00f6re Richard Tauber und Joseph Schmidt feierten Triumphe.<span class=\"Apple-converted-space\">\u00a0<\/span>Die Comedian Harmonists hatten kometenhafte Erfolge, Lotte Lenya und Marlene Dietrich begannen ihre Weltkarrieren.<\/p>\n<p>[\/vc_column_text][vc_empty_space height=&#8220;48px&#8220;][vc_text_separator title=&#8220;Lebe wild und uners\u00e4ttlich&#8220; i_icon_fontawesome=&#8220;far fa-file&#8220; i_color=&#8220;grey&#8220; i_size=&#8220;sm&#8220; title_align=&#8220;separator_align_left&#8220; add_icon=&#8220;true&#8220;][vc_column_text]Erbauliche Lieder vom Werden und Vergehen<\/p>\n<p>Tagt\u00e4glich, unser ganzes Leben lang, sind wir der Realit\u00e4t von Werden und Vergehen ausgesetzt. Alles bewegt sich in dem Spannungsverh\u00e4ltnis zwischen Geburt und Tod, bei andauernden Ver\u00e4nderungen.<\/p>\n<p>Dieser Anforderung stellen sich auch Birgit Breidenbach und Jan Weigelt und f\u00fchren uns Zuh\u00f6rer in ihrer bekannt vielf\u00e4ltigen, augenzwinkernden und ergreifenden Weise in Gef\u00fchlszust\u00e4nde von Gl\u00fcck und Trauer, Auflehnung und sinnlicher Besinnung.<br \/>\nSie geben uns die M\u00f6glichkeit des Selbstverstehens und der wohltuenden Bejahung unseres eigenen Lebenskreislaufs.<br \/>\nDie K\u00fcnstler kommen zu der Erkenntnis, wie wichtig es ist, das Leben in jedem Moment voll auszusch\u00f6pfen &#8211; wild und uners\u00e4ttlich &#8211; mit all den dazugeh\u00f6rigen Emotionen.[\/vc_column_text][vc_empty_space height=&#8220;48px&#8220;][vc_text_separator title=&#8220;Eine musikalische Reise durch 80 Jahre Filmgeschichte&#8220; i_icon_fontawesome=&#8220;far fa-file&#8220; i_color=&#8220;grey&#8220; i_size=&#8220;sm&#8220; title_align=&#8220;separator_align_right&#8220; add_icon=&#8220;true&#8220;][vc_column_text]W\u00e4hrend unz\u00e4hlige Lieder der Filmgeschichte inzwischen zum selbstverst\u00e4ndlichen Repertoire unterschiedlichster Instrumentalisten geh\u00f6ren und in zahlreichen Bearbeitungen die Musikwelt begeistern, sind sie auf dem Konzertpodium nur selten zu h\u00f6ren &#8211; das gilt f\u00fcr die englischen Songs, erst recht f\u00fcr die deutschsprachigen Lieder.<br \/>\nUnd so entstehen Filmklassiker wie neu, wenn John Barry, Burt Bacharach, Henry Mancini, Herman Hupfeld, Werner Richard Heymann, Friedrich Hollaender, Theo Mackeben und Michael Jary u.a. von der au\u00dfergew\u00f6hnlichen K\u00fcnstlerin Birgit Breidenbach gesungen werden.<br \/>\nMit ihrer unverwechselbaren Stimme und packenden Darstellungen macht sie jeden Hit der Filmgeschichte zu einem emotional ergreifenden Erlebnis. Dabei wird sie kongenial von Jan Weigelt am Klavier begleitet. Im wahrsten Sinne ein neuer H\u00f6rgenuss![\/vc_column_text][vc_empty_space height=&#8220;48px&#8220;][vc_text_separator title=&#8220;Die Nacht ist nicht allein zum Schlafen da&#8220; i_icon_fontawesome=&#8220;far fa-file&#8220; i_color=&#8220;grey&#8220; i_size=&#8220;sm&#8220; title_align=&#8220;separator_align_left&#8220; add_icon=&#8220;true&#8220;][vc_column_text]Felicitas G., beruflich erfolgreich, 60-Stunden-Woche &#8211; da bleiben nur die N\u00e4chte und die gro\u00dfen und kleinen Freunde. Birgit Breidenbach als Felicitas G. singt sich durch eine dieser N\u00e4chte mit allen H\u00f6hen und Tiefen und erlaubt den Zuschauern Einblicke von entlarvender Offenheit.[\/vc_column_text][vc_empty_space height=&#8220;48px&#8220;][vc_text_separator title=&#8220;Das Gl\u00fcck rennt hinterher &#8211; Lieder von 1930-1950&#8243; i_icon_fontawesome=&#8220;far fa-file&#8220; i_color=&#8220;grey&#8220; i_size=&#8220;sm&#8220; title_align=&#8220;separator_align_right&#8220; add_icon=&#8220;true&#8220;][vc_column_text]Was haben Zarah Leander und George Gershwin gemein, und was haben Richard Strauss und Bert Brecht miteinander zu tun?<br \/>\nBirgit Breidenbach zeigt in ihrer unverwechselbaren Art auf, wie unterschiedlich Lieder aus den Jahren von 1930-1950 diesseits und jenseits des Atlantiks geklungen haben. In einem Spannungsverh\u00e4ltnis, wie es gegens\u00e4tzlicher nicht sein kann, spiegelt die Musik die jeweiligen Theater und politischen Verh\u00e4ltnisse.[\/vc_column_text][vc_empty_space height=&#8220;48px&#8220;][vc_text_separator title=&#8220;Under favour of night&#8220; i_icon_fontawesome=&#8220;far fa-file&#8220; i_color=&#8220;grey&#8220; i_size=&#8220;sm&#8220; title_align=&#8220;separator_align_left&#8220; add_icon=&#8220;true&#8220;][vc_column_text]Man nehme:<\/p>\n<p>&#8211; zwei gestandene K\u00fcnstlerpers\u00f6nlichkeiten aus Bergisch Gladbach<br \/>\n&#8211; f\u00fchre sie an Stimme und Instrument zusammen und \u00fcberlasse sie einige Zeit ihrer inspirierenden Kreativit\u00e4t<br \/>\n&#8211; stir it up ! und ein Ensemble aus leichter Schwermut, vertrautem Fremden, erhellendem Dunkel und s\u00fc\u00dfer Sucht entsteht<br \/>\n&#8211; enjoy !!!<\/p>\n<p>Curry favor &#8211; Birgit Breidenbach und Bernd K\u00e4mmerling[\/vc_column_text][vc_empty_space height=&#8220;48px&#8220;][vc_text_separator title=&#8220;Frauenliebe und -leben von Pink bis Panther&#8220; i_icon_fontawesome=&#8220;far fa-file&#8220; i_color=&#8220;grey&#8220; i_size=&#8220;sm&#8220; title_align=&#8220;separator_align_right&#8220; add_icon=&#8220;true&#8220;][vc_column_text]Bis aus einem pubertierenden M\u00e4dchen eine Frau und schlie\u00dflich ein Panther wird, m\u00fcssen zahlreiche Lieder, Schlager und Evergreens von Klassik bis Pop gesungen werden. Birgit Breidenbach verk\u00f6rpert sie alle.[\/vc_column_text][vc_empty_space height=&#8220;48px&#8220;][vc_text_separator title=&#8220;Tr\u00e4ume &#8211; und der Weg zur\u00fcck&#8220; i_icon_fontawesome=&#8220;far fa-file&#8220; i_color=&#8220;grey&#8220; i_size=&#8220;sm&#8220; title_align=&#8220;separator_align_left&#8220; add_icon=&#8220;true&#8220;][vc_column_text]Tr\u00e4ume sind Sch\u00e4ume &#8211; hei\u00dft es.<br \/>\nDoch allzu oft stellen wir beim Erwachen fest, dass uns unsere Tr\u00e4ume auch am Tag weiter besch\u00e4ftigen, so wie uns die Tr\u00e4ume unseres Lebens gefangen halten, und wir ihnen st\u00e4ndig nachjagen. Was ist, wenn wir den Weg zur\u00fcck &#8211; zu uns &#8211; dabei aus den Augen verlieren, ein Weg, der beschwerlich, aber auch so begl\u00fcckend sein kann.<br \/>\nDie S\u00e4ngerin Brigit Breidenbach und ihr Begleiter am Klavier laden ein, sie auf diesem Weg zu begleiten. F\u00fcr die Zuh\u00f6rer bedeutet das, einer zutiefst ber\u00fchrenden K\u00fcnstlerin zu begegnen, die sich diesem Abenteuer mit all seinen \u00dcberraschungen stellt und dabei Nachdenkliches sowie Schmerzliches nicht ausl\u00e4sst. Wie bei einer wahrhaftigen K\u00fcnstlerin ihren Formates nicht anders zu erwarten, verk\u00f6rpert Birgit Breidenbach diese Stationen und Zust\u00e4nde mit einer intensiven und ergreifenden Lebendigkeit. Ein Konzerterlebnis der ganz besonderen Art![\/vc_column_text][vc_empty_space height=&#8220;48px&#8220;][vc_text_separator title=&#8220;&#8222;&#8230;kann denn Heimat S\u00fcnde sein?&#8230;&#8222; &#8211; Das menschliche Dasein zwischen Anspruch und Wirklichkeit&#8220; i_icon_fontawesome=&#8220;far fa-file&#8220; i_color=&#8220;grey&#8220; i_size=&#8220;sm&#8220; title_align=&#8220;separator_align_right&#8220; add_icon=&#8220;true&#8220;][vc_column_text]Was ist Heimat in einer Zeit globaler Vernetzung mit ihren Fragen nach Wirtschaftlichkeit und Macht, mit Krieg und sozialer K\u00e4lte?<br \/>\nWie kann ein Liederabend sich dieser kontroversen Thematik n\u00e4hern, wie sie darstellen, befragen oder gar Antworten auf die kaum zu l\u00f6sende Frage anbieten?<\/p>\n<p>Es sind u.a. so unterschiedliche Komponisten wie<\/p>\n<p>&#8211; Kurt Weill<br \/>\n&#8211; Udo Lindenberg<br \/>\n&#8211; Friedrich Hollaender<br \/>\n&#8211; Johannes Brahms<br \/>\n&#8211; Franz Josef Degenhardt und Ralph Maria Siegel<\/p>\n<p>anhand derer &#8211; neben Klavierbeitr\u00e4gen &#8211; unsere heutige &#8222;sch\u00f6ne Welt&#8220; mit all ihren unterschiedlichen Facetten beleuchtet wird und uns Zuh\u00f6rer in der Heimatfrage zu einer individuellen Standortbestimmung einl\u00e4dt. Die au\u00dfergew\u00f6hnliche K\u00fcnstlerin Birgit Breidenbach (KontraAlt) pr\u00e4sentiert ein Programm, das den Zuh\u00f6rern mit ergreifender Interpretation und Intensit\u00e4t die Musik derart nahe bringt, dass die Suche nach Heimat nicht um die Frage herumkommt, wie wir mit uns, den Bewohnern und mit der &#8222;Heimat Erde&#8220; umgehen, bevor wir uns einer Verortung zuwenden &#8211; denn Heimat, das sind wir![\/vc_column_text][vc_empty_space height=&#8220;48px&#8220;][vc_text_separator title=&#8220;Andere Stimmen&#8220; i_icon_fontawesome=&#8220;far fa-file&#8220; i_color=&#8220;grey&#8220; i_size=&#8220;sm&#8220; title_align=&#8220;separator_align_left&#8220; add_icon=&#8220;true&#8220;][vc_column_text]In dem Programm &#8222;Andere Stimmen&#8220; arbeitet das Witztum Quartett Songs der Gruppe Radiohead, die rockige Computermusik mit wunderbar poetischen Texten spielen, mit &#8222;nat\u00fcrlichen Wirkstoffen&#8220;, d.h. mit Kontrabass, zum gr\u00f6\u00dften Teil verfremdet gespielter Viola, pr\u00e4pariertem Klavier und nat\u00fcrlich Gesang, auf.<\/p>\n<p>Heraus kommt eine v\u00f6llig neue, eigene Klangwelt: melancholisch und dem Tode nah, fordernd und hart zu sich selbst, tr\u00e4umend und sinnlich, ironisch und witzig (auf gut neudeutsch): &#8222;strange&#8220;; ein Klang, der uns mitnimmt in die unendlichen Weiten auf dem Weg zu uns selbst.<\/p>\n<p>[\/vc_column_text][vc_empty_space height=&#8220;48px&#8220;][vc_text_separator title=&#8220;Brecht im Lied&#8220; i_icon_fontawesome=&#8220;far fa-file&#8220; i_color=&#8220;grey&#8220; i_size=&#8220;sm&#8220; title_align=&#8220;separator_align_right&#8220; add_icon=&#8220;true&#8220; el_id=&#8220;test&#8220;][vc_column_text]In ausgew\u00e4hlte, sensible und freche Liebesgedichte Berthold Brechts, wunderbar von Kurt Weill, Hanns Eisler und Stefan Ziethen, bringt Birgit Breidenbach einen roten Faden und erz\u00e4hlt damit die Geschichte einer starken, schwachen Frau. Ein wundervoller, nachdenklich machender Abend, in dem Birgit Breidenbach Brechts Frauen singt und spielt und f\u00fcr Hanna Cash auch selbst zum Akkordeon greift.[\/vc_column_text][vc_empty_space height=&#8220;48px&#8220;][vc_text_separator title=&#8220;Verliebt, verlobt und &#8211; abgehakt?&#8220; i_icon_fontawesome=&#8220;far fa-file&#8220; i_color=&#8220;grey&#8220; i_size=&#8220;sm&#8220; title_align=&#8220;separator_align_left&#8220; add_icon=&#8220;true&#8220;][vc_column_text]In dem Programm &#8222;Verliebt, verlobt und &#8211; abgehakt?&#8220; nimmt Birgit Breidenbach ihr Publikum mit auf eine emotionale Reise. Um die Entwicklung einer entstehenden, bl\u00fchenden, dann scheiternden Beziehung darzustellen, stellt Birgit Breidenbach ausschlie\u00dflich textliche und inhaltliche Aussagen in den Vordergrund. Das Genre spielt keine Rolle mehr. Hier stehen sich Lieder von Udo Lindenberg und Brahms, Mackeben, Weill, Kreisler und Schumann, Schubert, Mahler nicht gegen\u00fcber, sondern verschmelzen zu einer spannungsgeladenen, flie\u00dfenden Dichte, die einen ungeahnten Reiz auf Atmosph\u00e4re und Publikum aus\u00fcben. Ein spektakul\u00e4rer Erfolg![\/vc_column_text][vc_empty_space height=&#8220;48px&#8220;][vc_text_separator title=&#8220;Birgit Beidenbach und das Emsland Orchester&#8220; i_icon_fontawesome=&#8220;far fa-file&#8220; i_color=&#8220;grey&#8220; i_size=&#8220;sm&#8220; title_align=&#8220;separator_align_right&#8220; add_icon=&#8220;true&#8220;][vc_column_text]Zusammen mit dem Emsland Orchester unter Peter von Wienhardt tritt Birgit Breidenbach durchaus vielf\u00e4ltig als Chansonniere in Erscheinung. Den ungeheuren Schatz, der zum Beispiel in den Liedern von Friedrich Hollaender und Theo Mackeben liegt und der Zarah Leander und Marlene Dietrich zu Weltruhm verhalf aufzudecken, macht sie sich in ihren sensiblen und ausdrucksstarken Interpretationen zur Aufgabe.[\/vc_column_text][vc_empty_space height=&#8220;120px&#8220;][\/vc_column][vc_column width=&#8220;1\/6&#8243; rt_col_paddings=&#8220;true&#8220; rt_wrp_col_paddings=&#8220;false&#8220; rt_column_shadow=&#8220;&#8220; rt_border_top=&#8220;&#8220; rt_border_bottom=&#8220;&#8220; rt_border_left=&#8220;&#8220; rt_border_right=&#8220;&#8220; rt_border_top_mobile=&#8220;&#8220; rt_border_bottom_mobile=&#8220;&#8220; rt_border_left_mobile=&#8220;&#8220; rt_border_right_mobile=&#8220;&#8220; rt_bg_image_repeat=&#8220;repeat&#8220; rt_bg_size=&#8220;auto auto&#8220; rt_bg_position=&#8220;right top&#8220; rt_bg_attachment=&#8220;scroll&#8220;][\/vc_column][\/vc_row]<\/p>\n","protected":false},"excerpt":{"rendered":"<p>[vc_row rt_row_background_width=&#8220;fullwidth&#8220; rt_row_content_width=&#8220;fullwidth&#8220; rt_row_style=&#8220;default-style&#8220; rt_row_height=&#8220;&#8220; rt_row_borders=&#8220;&#8220; rt_row_shadows=&#8220;&#8220; rt_column_gaps=&#8220;&#8220; rt_row_paddings=&#8220;false&#8220; rt_bg_effect=&#8220;classic&#8220; rt_transparent_bg=&#8220;&#8220; rt_bg_image_repeat=&#8220;repeat&#8220; rt_bg_size=&#8220;cover&#8220; rt_bg_position=&#8220;right top&#8220; rt_bg_attachment=&#8220;scroll&#8220; rt_bg_video_format=&#8220;self-hosted&#8220;][vc_column rt_col_paddings=&#8220;false&#8220; rt_wrp_col_paddings=&#8220;false&#8220; rt_column_shadow=&#8220;&#8220; rt_border_top=&#8220;&#8220; rt_border_bottom=&#8220;&#8220; rt_border_left=&#8220;&#8220; rt_border_right=&#8220;&#8220; rt_border_top_mobile=&#8220;&#8220; rt_border_bottom_mobile=&#8220;&#8220; rt_border_left_mobile=&#8220;&#8220; rt_border_right_mobile=&#8220;&#8220; rt_bg_image_repeat=&#8220;repeat&#8220; rt_bg_size=&#8220;auto auto&#8220; rt_bg_position=&#8220;right top&#8220; rt_bg_attachment=&#8220;scroll&#8220; rt_bg_color=&#8220;&#8220; rt_bg_overlay_color=&#8220;&#8220;][vc_empty_space height=&#8220;50px&#8220;][\/vc_column][\/vc_row][vc_row rt_row_background_width=&#8220;fullwidth&#8220; rt_row_content_width=&#8220;fullwidth&#8220; rt_row_style=&#8220;default-style&#8220; rt_row_height=&#8220;&#8220; rt_column_placement=&#8220;middle&#8220; rt_row_borders=&#8220;&#8220; rt_row_shadows=&#8220;&#8220; rt_column_gaps=&#8220;&#8220; rt_row_paddings=&#8220;true&#8220; rt_bg_effect=&#8220;classic&#8220; rt_transparent_bg=&#8220;&#8220; rt_bg_image_repeat=&#8220;repeat&#8220; rt_bg_size=&#8220;cover&#8220; rt_bg_position=&#8220;right top&#8220; rt_bg_attachment=&#8220;scroll&#8220; rt_bg_video_format=&#8220;self-hosted&#8220; rt_padding_bottom=&#8220;0&#8243; &#8230; <a class=\"more-link\" href=\"https:\/\/www.birgit-breidenbach.com\/start\/programme\/\">Continue reading<\/a><\/p>\n","protected":false},"author":1,"featured_media":0,"parent":0,"menu_order":0,"comment_status":"closed","ping_status":"closed","template":"","meta":[],"_links":{"self":[{"href":"https:\/\/www.birgit-breidenbach.com\/start\/wp-json\/wp\/v2\/pages\/3451"}],"collection":[{"href":"https:\/\/www.birgit-breidenbach.com\/start\/wp-json\/wp\/v2\/pages"}],"about":[{"href":"https:\/\/www.birgit-breidenbach.com\/start\/wp-json\/wp\/v2\/types\/page"}],"author":[{"embeddable":true,"href":"https:\/\/www.birgit-breidenbach.com\/start\/wp-json\/wp\/v2\/users\/1"}],"replies":[{"embeddable":true,"href":"https:\/\/www.birgit-breidenbach.com\/start\/wp-json\/wp\/v2\/comments?post=3451"}],"version-history":[{"count":10,"href":"https:\/\/www.birgit-breidenbach.com\/start\/wp-json\/wp\/v2\/pages\/3451\/revisions"}],"predecessor-version":[{"id":4592,"href":"https:\/\/www.birgit-breidenbach.com\/start\/wp-json\/wp\/v2\/pages\/3451\/revisions\/4592"}],"wp:attachment":[{"href":"https:\/\/www.birgit-breidenbach.com\/start\/wp-json\/wp\/v2\/media?parent=3451"}],"curies":[{"name":"wp","href":"https:\/\/api.w.org\/{rel}","templated":true}]}}