{"id":2844,"date":"2016-06-14T10:30:48","date_gmt":"2016-06-14T10:30:48","guid":{"rendered":"http:\/\/nixe-demo1.rtthemes.com\/?page_id=2844"},"modified":"2020-11-11T21:45:39","modified_gmt":"2020-11-11T20:45:39","slug":"winterreise","status":"publish","type":"page","link":"https:\/\/www.birgit-breidenbach.com\/start\/winterreise\/","title":{"rendered":"WINTERREISE"},"content":{"rendered":"<p>[vc_row rt_row_background_width=&#8220;fullwidth&#8220; rt_row_content_width=&#8220;fullwidth&#8220; rt_row_style=&#8220;default-style&#8220; rt_row_height=&#8220;&#8220; rt_row_borders=&#8220;&#8220; rt_row_shadows=&#8220;&#8220; rt_column_gaps=&#8220;&#8220; rt_row_paddings=&#8220;false&#8220; rt_bg_effect=&#8220;classic&#8220; rt_transparent_bg=&#8220;&#8220; rt_bg_image_repeat=&#8220;repeat&#8220; rt_bg_size=&#8220;cover&#8220; rt_bg_position=&#8220;right top&#8220; rt_bg_attachment=&#8220;scroll&#8220; rt_bg_video_format=&#8220;self-hosted&#8220;][vc_column rt_col_paddings=&#8220;false&#8220; rt_wrp_col_paddings=&#8220;false&#8220; rt_column_shadow=&#8220;&#8220; rt_border_top=&#8220;&#8220; rt_border_bottom=&#8220;&#8220; rt_border_left=&#8220;&#8220; rt_border_right=&#8220;&#8220; rt_border_top_mobile=&#8220;&#8220; rt_border_bottom_mobile=&#8220;&#8220; rt_border_left_mobile=&#8220;&#8220; rt_border_right_mobile=&#8220;&#8220; rt_bg_image_repeat=&#8220;repeat&#8220; rt_bg_size=&#8220;auto auto&#8220; rt_bg_position=&#8220;right top&#8220; rt_bg_attachment=&#8220;scroll&#8220; rt_bg_color=&#8220;&#8220; rt_bg_overlay_color=&#8220;&#8220;]<div id=\"content-slider-390995\" class=\"rt-carousel main-carousel carousel-holder clearfix\" data-item-width=\"1\" data-mobile-height=\"350\" data-nav=\"true\" data-dots=\"true\" data-parallax=\"true\" data-timeout=\"15000\" data-autoplay=\"true\">\n<div class=\"owl-carousel\">\n\n\t\t<div class=\"item has-bg-image  global-style\" style=\"min-height: 800px;\">\n\t\t\t\n\t\t\t<div class=\"slide-background\" style=\"background-image: url(https:\/\/www.birgit-breidenbach.com\/start\/wp-content\/uploads\/2020\/11\/Birgit_Breidenbach_2020_FotoManfred-Esser_345_pp_ret_lang.jpg);background-repeat: no-repeat;background-size: cover;background-position: center center;\"><\/div>\n\t\t<\/div><\/div>\n\n\t\t\t\t<div id=\"content-slider-390995-dots\" class=\"dots-holder\">\n\t\t\t\t<\/div>\n\t\t\t\n<\/div>\n[vc_empty_space height=&#8220;50px&#8220;][\/vc_column][\/vc_row][vc_row rt_row_background_width=&#8220;fullwidth&#8220; rt_row_content_width=&#8220;default&#8220; rt_row_style=&#8220;default-style&#8220; rt_row_height=&#8220;&#8220; rt_row_borders=&#8220;&#8220; rt_row_shadows=&#8220;&#8220; rt_column_gaps=&#8220;&#8220; rt_row_paddings=&#8220;true&#8220; rt_bg_effect=&#8220;classic&#8220; rt_transparent_bg=&#8220;&#8220; rt_bg_image_repeat=&#8220;repeat&#8220; rt_bg_size=&#8220;cover&#8220; rt_bg_position=&#8220;right top&#8220; rt_bg_attachment=&#8220;scroll&#8220; rt_bg_video_format=&#8220;self-hosted&#8220; rt_padding_top=&#8220;100&#8243; rt_padding_bottom=&#8220;100&#8243;][vc_column width=&#8220;2\/3&#8243; rt_col_paddings=&#8220;false&#8220; rt_wrp_col_paddings=&#8220;false&#8220; rt_column_shadow=&#8220;&#8220; rt_border_top=&#8220;&#8220; rt_border_bottom=&#8220;&#8220; rt_border_left=&#8220;&#8220; rt_border_right=&#8220;&#8220; rt_border_top_mobile=&#8220;&#8220; rt_border_bottom_mobile=&#8220;&#8220; rt_border_left_mobile=&#8220;&#8220; rt_border_right_mobile=&#8220;&#8220; rt_bg_image_repeat=&#8220;repeat&#8220; rt_bg_size=&#8220;auto auto&#8220; rt_bg_position=&#8220;right top&#8220; rt_bg_attachment=&#8220;scroll&#8220; rt_bg_color=&#8220;&#8220; rt_bg_overlay_color=&#8220;&#8220;][vc_column_text]<\/p>\n<h3 id=\"cd_verkauf\">CD-Verkauf<\/h3>\n<p>Ich biete hier meine CD \u201cWinterreise\u201d im Privatverkauf an, bei Interesse bestellen Sie bitte \u00fcber das Kontaktformular mit dem Betreff \u201cCD-Kauf Winterreise\u201d.<br \/>\nF\u00fcr einen reibungslosen Ablauf bitte ich Sie vorab zu \u00fcberweisen auf das unten angegebene Konto.<br \/>\nDer Preis betr\u00e4gt 16,-\u20ac inkl. MwSt. zzgl. 2,-\u20ac Versand. Der Versand ins Ausland betr\u00e4gt 9,- \u20ac.<\/p>\n<p><strong>IBAN: DE33 370 502 99 1331 00 5980<br \/>\nBIC: COKSDE33XXX<\/strong>[\/vc_column_text][vc_text_separator title=&#8220;CD-Besprechung \/ Mai 2017 nmz &#8211; neue musik zeitung&#8220;][vc_column_text]Warum mal wieder die Winterreise?<br \/>\nGibt es nicht schon genug Aufnahmen in verschiedenster Formation von so gut wie jedem Lieds\u00e4nger, der etwas auf sich h\u00e4lt?<br \/>\nZun\u00e4chst einmal ist die Winterreise eines der beeindruckendsten Lied-Werke, nicht nur Schuberts, sondern \u00fcberhaupt. Fast jeder (m\u00e4nnliche) S\u00e4nger, der im Liedfach zu Hause ist, wird fr\u00fcher oder sp\u00e4ter auf dieses Werk sto\u00dfen. Darin wird schlie\u00dflich ein vermeintlich besonders \u201em\u00e4nnliches\u201c Thema verarbeitet: Der von der Liebe und dem Leben entt\u00e4uschte und verratene Lonsome Wolfe zieht durch eine karge, feindliche Landschaft, wankend zwischen Todessehnsucht, Hoffnungsschimmern und dem Versuch, irgendwo den Sinn und seine Platz im Gro\u00dfen Ganzen zu finden.<\/p>\n<p>Und pl\u00f6tzlich wird das Werk v\u00f6llig neu interpretiert- und zwar von einer Frau.<\/p>\n<p>Was mit Schuberts Liederzyklus dadurch passiert, ist gleicherma\u00dfen erschreckend und erstaunlich. Es geht pl\u00f6tzlich nicht mehr nur um einen Mann. Es geht nicht mehr um testosterongeschw\u00e4ngertes Leiden. Pl\u00f6tzlich werden die Themen viel elementarer, viel universeller. Es geht um das Mensch-Sein an sich, es gibt keine Grenzen mehr zwischen Mann und Frau, Jung und Alt oder Optimist und Pessimist. Was einzig bleibt, ist ein allumfassendes Empfinden, das jeden von uns bewegt.<\/p>\n<p>Dabei schafft es Birgit Breidenbach in unvergleichlicher Art, auch die Grenzen von Gesangsstilen v\u00f6llig au\u00dfer Kraft zu setzen. Da h\u00f6rt man pl\u00f6tzlich raue T\u00f6ne, die so aschfahl und tot klingen, dass man kalte Schauer den R\u00fccken runterjagen f\u00fchlt und sich vorsichtig nach den Kr\u00e4hen umsieht, die auf den Tod lauern. Dann wieder schillert die Stimme in tausend Farben und hebt zu triumphgeschw\u00e4ngerten H\u00f6hen an, die so viel Hoffnung und Leben in sich tragen, dass man die ganze Welt umarmen m\u00f6chte. Manches Mal f\u00fchlt man sich in rauchige Jazzbars versetzt, in denen ein alter Mann einen einsamen Blues spielt, ein anderes Mal sieht man ein junges M\u00e4dchen vor sich, das dem Leben und der Liebe staunend gegen\u00fcbersteht und sich lachend in der Welt umschaut.<\/p>\n<p>Dabei verschmilzt die Interpretation von Gesang und Klavier zu einer untrennbaren Einheit. Das Spiel von Gerda Ziethen-Hantich kommentiert nie, es bedr\u00e4ngt nicht und stellt sich nie in den Vordergrund. Es IST einfach, so selbstverst\u00e4ndlich und so klar im Ausdruck, dass hier noch einmal ganz deutlich wird: Das Lied lebt nicht nur von Gesang, Melodie und Text, sondern kann nur durch die Einheit von Pianist und S\u00e4nger entstehen. Aus diesem Verst\u00e4ndnis heraus erzeugen die beiden K\u00fcnstlerinnen eine nie ganz eindeutige, immer offenen Stimmung, die mit ihren vielen Zwischent\u00f6nen den Zuh\u00f6rer immer wieder zwingt, sich selbst zu reflektieren und selbst zu interpretieren.<br \/>\nEin bedeutender Aspekt der Aufnahme ist die Verwendung der Urfassung von Schuberts Notentext. Die Tonarten weichen zum Teil betr\u00e4chtlich von der \u00fcblichen \u00fcberarbeiteten Version ab und bedingen ma\u00dfgeblich das Stimmungsbild der St\u00fccke, besonders im Kontext aller St\u00fccke.<\/p>\n<p>Die Aufnahme ist ungeschnitten und in Konzertsituation entstanden. Das bedingt, dass man eine Entwicklung des Charakters von Ton zu Ton verfolgen kann. Wie von einem Sog wird man vom ersten Ton an mitgerissen in die Gef\u00fchlswelt der Musik. Man ist so gefesselt, dass ein Unterbrechen oder Wegh\u00f6ren nicht mehr m\u00f6glich ist, nicht bevor der letzte Ton verklungen ist. Man fiebert der Erl\u00f6sung am Ende entgegen, wird an dieser Stelle, wenn man mit einer Vorgabe gerechnet hat, jedoch grob entt\u00e4uscht. Auch hier lassen sich Birgit Breidenbach und Gerda Ziethen-Hantich nicht zu einem Statement hinrei\u00dfen. Das Ende bleibt offen. Der Zuh\u00f6rer darf seine eigene Interpretation finden, sich die aufgeworfenen Fragen selbst beantworten.<\/p>\n<p><em>Silke Cremer-Ossenbach<\/em>[\/vc_column_text][vc_column_text]<div class=\"wrapper\" id=\"24q8r\"><\/div> [\/vc_column_text][\/vc_column][vc_column width=&#8220;1\/3&#8243; rt_col_paddings=&#8220;true&#8220; rt_wrp_col_paddings=&#8220;false&#8220; rt_column_shadow=&#8220;&#8220; rt_border_top=&#8220;&#8220; rt_border_bottom=&#8220;&#8220; rt_border_left=&#8220;&#8220; rt_border_right=&#8220;&#8220; rt_border_top_mobile=&#8220;&#8220; rt_border_bottom_mobile=&#8220;&#8220; rt_border_left_mobile=&#8220;&#8220; rt_border_right_mobile=&#8220;&#8220; rt_bg_image_repeat=&#8220;repeat&#8220; rt_bg_size=&#8220;auto auto&#8220; rt_bg_position=&#8220;right top&#8220; rt_bg_attachment=&#8220;scroll&#8220; css=&#8220;.vc_custom_1600167032431{padding-left: 60px !important;}&#8220; rt_bg_color=&#8220;&#8220; rt_bg_overlay_color=&#8220;&#8220;][vc_single_image image=&#8220;4215&#8243; img_size=&#8220;medium&#8220; add_caption=&#8220;yes&#8220; alignment=&#8220;center&#8220; style=&#8220;vc_box_border&#8220;][vc_btn title=&#8220;Apple Music&#8220; size=&#8220;sm&#8220; i_icon_fontawesome=&#8220;fab fa-apple&#8220; add_icon=&#8220;true&#8220; link=&#8220;url:https%3A%2F%2Fmusic.apple.com%2Fde%2Fartist%2Fbirgit-breidenbach%2F1226481203|target:_blank&#8220;][vc_btn title=&#8220;Google Play&#8220; size=&#8220;sm&#8220; i_icon_fontawesome=&#8220;fab fa-google&#8220; add_icon=&#8220;true&#8220;][vc_column_text]<\/p>\n<ul style=\"text-align: left;\">\n<li>Gute Nacht<\/li>\n<li>Die Wetterfahne<\/li>\n<li>Gefror&#8217;ne Tr\u00e4nen<\/li>\n<li>Erstarrung<\/li>\n<li>Der Lindenbaum<\/li>\n<li>Wasserflut<\/li>\n<li>Auf dem Flusse<\/li>\n<li>R\u00fcckblick<\/li>\n<li>Irrlicht<\/li>\n<li>Rast<\/li>\n<li>Fr\u00fchlingstraum<\/li>\n<li>Einsamkeit<\/li>\n<li>Die Post<\/li>\n<li>Der greise Kopf<\/li>\n<li>Die Kr\u00e4he<\/li>\n<li>Letzte Hoffnung<\/li>\n<li>Im Dorfe<\/li>\n<li>Der st\u00fcrmische Morgen<\/li>\n<li>T\u00e4uschung<\/li>\n<li>Der Wegweiser<\/li>\n<li>Das Wirtshaus<\/li>\n<li>Mut<\/li>\n<li>Die Nebensonnen<\/li>\n<li>Der Leiermann<\/li>\n<\/ul>\n<p>[\/vc_column_text][\/vc_column][\/vc_row]<\/p>\n","protected":false},"excerpt":{"rendered":"<p>[vc_row rt_row_background_width=&#8220;fullwidth&#8220; rt_row_content_width=&#8220;fullwidth&#8220; rt_row_style=&#8220;default-style&#8220; rt_row_height=&#8220;&#8220; rt_row_borders=&#8220;&#8220; rt_row_shadows=&#8220;&#8220; rt_column_gaps=&#8220;&#8220; rt_row_paddings=&#8220;false&#8220; rt_bg_effect=&#8220;classic&#8220; rt_transparent_bg=&#8220;&#8220; rt_bg_image_repeat=&#8220;repeat&#8220; rt_bg_size=&#8220;cover&#8220; rt_bg_position=&#8220;right top&#8220; rt_bg_attachment=&#8220;scroll&#8220; rt_bg_video_format=&#8220;self-hosted&#8220;][vc_column rt_col_paddings=&#8220;false&#8220; rt_wrp_col_paddings=&#8220;false&#8220; rt_column_shadow=&#8220;&#8220; rt_border_top=&#8220;&#8220; rt_border_bottom=&#8220;&#8220; rt_border_left=&#8220;&#8220; rt_border_right=&#8220;&#8220; rt_border_top_mobile=&#8220;&#8220; rt_border_bottom_mobile=&#8220;&#8220; rt_border_left_mobile=&#8220;&#8220; rt_border_right_mobile=&#8220;&#8220; rt_bg_image_repeat=&#8220;repeat&#8220; rt_bg_size=&#8220;auto auto&#8220; rt_bg_position=&#8220;right top&#8220; rt_bg_attachment=&#8220;scroll&#8220; rt_bg_color=&#8220;&#8220; rt_bg_overlay_color=&#8220;&#8220;][vc_empty_space height=&#8220;50px&#8220;][\/vc_column][\/vc_row][vc_row rt_row_background_width=&#8220;fullwidth&#8220; rt_row_content_width=&#8220;default&#8220; rt_row_style=&#8220;default-style&#8220; rt_row_height=&#8220;&#8220; rt_row_borders=&#8220;&#8220; rt_row_shadows=&#8220;&#8220; rt_column_gaps=&#8220;&#8220; rt_row_paddings=&#8220;true&#8220; rt_bg_effect=&#8220;classic&#8220; rt_transparent_bg=&#8220;&#8220; rt_bg_image_repeat=&#8220;repeat&#8220; rt_bg_size=&#8220;cover&#8220; rt_bg_position=&#8220;right top&#8220; rt_bg_attachment=&#8220;scroll&#8220; rt_bg_video_format=&#8220;self-hosted&#8220; rt_padding_top=&#8220;100&#8243; rt_padding_bottom=&#8220;100&#8243;][vc_column &#8230; <a class=\"more-link\" href=\"https:\/\/www.birgit-breidenbach.com\/start\/winterreise\/\">Continue reading<\/a><\/p>\n","protected":false},"author":1,"featured_media":0,"parent":0,"menu_order":0,"comment_status":"closed","ping_status":"closed","template":"","meta":[],"_links":{"self":[{"href":"https:\/\/www.birgit-breidenbach.com\/start\/wp-json\/wp\/v2\/pages\/2844"}],"collection":[{"href":"https:\/\/www.birgit-breidenbach.com\/start\/wp-json\/wp\/v2\/pages"}],"about":[{"href":"https:\/\/www.birgit-breidenbach.com\/start\/wp-json\/wp\/v2\/types\/page"}],"author":[{"embeddable":true,"href":"https:\/\/www.birgit-breidenbach.com\/start\/wp-json\/wp\/v2\/users\/1"}],"replies":[{"embeddable":true,"href":"https:\/\/www.birgit-breidenbach.com\/start\/wp-json\/wp\/v2\/comments?post=2844"}],"version-history":[{"count":10,"href":"https:\/\/www.birgit-breidenbach.com\/start\/wp-json\/wp\/v2\/pages\/2844\/revisions"}],"predecessor-version":[{"id":4217,"href":"https:\/\/www.birgit-breidenbach.com\/start\/wp-json\/wp\/v2\/pages\/2844\/revisions\/4217"}],"wp:attachment":[{"href":"https:\/\/www.birgit-breidenbach.com\/start\/wp-json\/wp\/v2\/media?parent=2844"}],"curies":[{"name":"wp","href":"https:\/\/api.w.org\/{rel}","templated":true}]}}